{"id":8,"date":"2021-03-26T15:12:39","date_gmt":"2021-03-26T14:12:39","guid":{"rendered":"https:\/\/www.baustudio-bachmann.de\/wordpress\/?page_id=8"},"modified":"2021-06-02T10:10:44","modified_gmt":"2021-06-02T08:10:44","slug":"kontakt-impressum","status":"publish","type":"page","link":"https:\/\/www.baustudio-bachmann.de\/wordpress\/kontakt-impressum\/","title":{"rendered":"Kontakt \/ Impressum"},"content":{"rendered":"\t\t<div data-elementor-type=\"wp-page\" data-elementor-id=\"8\" class=\"elementor elementor-8\">\n\t\t\t\t\t\t<section class=\"elementor-section elementor-top-section elementor-element elementor-element-2bfa9c30 elementor-section-full_width elementor-section-height-min-height elementor-section-height-default elementor-section-items-middle\" data-id=\"2bfa9c30\" data-element_type=\"section\" data-e-type=\"section\" data-settings=\"{&quot;background_background&quot;:&quot;classic&quot;}\">\n\t\t\t\t\t\t\t<div class=\"elementor-background-overlay\"><\/div>\n\t\t\t\t\t\t\t<div class=\"elementor-container elementor-column-gap-default\">\n\t\t\t\t\t<div class=\"elementor-column elementor-col-50 elementor-top-column elementor-element elementor-element-294f45ec\" data-id=\"294f45ec\" data-element_type=\"column\" data-e-type=\"column\">\n\t\t\t<div class=\"elementor-widget-wrap elementor-element-populated\">\n\t\t\t\t\t\t<div class=\"elementor-element elementor-element-2049340 elementor-widget__width-auto elementor-widget elementor-widget-heading\" data-id=\"2049340\" data-element_type=\"widget\" data-e-type=\"widget\" data-widget_type=\"heading.default\">\n\t\t\t\t<div class=\"elementor-widget-container\">\n\t\t\t\t\t<h2 class=\"elementor-heading-title elementor-size-default\">Kontakt, Impressum etc.<\/h2>\t\t\t\t<\/div>\n\t\t\t\t<\/div>\n\t\t\t\t\t<\/div>\n\t\t<\/div>\n\t\t\t\t<div class=\"elementor-column elementor-col-50 elementor-top-column elementor-element elementor-element-b83e20c elementor-hidden-phone\" data-id=\"b83e20c\" data-element_type=\"column\" data-e-type=\"column\">\n\t\t\t<div class=\"elementor-widget-wrap\">\n\t\t\t\t\t\t\t<\/div>\n\t\t<\/div>\n\t\t\t\t\t<\/div>\n\t\t<\/section>\n\t\t\t\t<section class=\"elementor-section elementor-top-section elementor-element elementor-element-874eb6e elementor-section-boxed elementor-section-height-default elementor-section-height-default\" data-id=\"874eb6e\" data-element_type=\"section\" data-e-type=\"section\">\n\t\t\t\t\t\t<div class=\"elementor-container elementor-column-gap-default\">\n\t\t\t\t\t<div class=\"elementor-column elementor-col-100 elementor-top-column elementor-element elementor-element-3e578e1\" data-id=\"3e578e1\" data-element_type=\"column\" data-e-type=\"column\">\n\t\t\t<div class=\"elementor-widget-wrap elementor-element-populated\">\n\t\t\t\t\t\t<div class=\"elementor-element elementor-element-c3c9494 elementor-widget elementor-widget-text-editor\" data-id=\"c3c9494\" data-element_type=\"widget\" data-e-type=\"widget\" data-widget_type=\"text-editor.default\">\n\t\t\t\t<div class=\"elementor-widget-container\">\n\t\t\t\t\t\t\t\t\t<p>Unsere Kontaktadressen<\/p>\t\t\t\t\t\t\t\t<\/div>\n\t\t\t\t<\/div>\n\t\t\t\t\t<\/div>\n\t\t<\/div>\n\t\t\t\t\t<\/div>\n\t\t<\/section>\n\t\t\t\t<section class=\"elementor-section elementor-top-section elementor-element elementor-element-c0c830e elementor-section-content-top elementor-section-boxed elementor-section-height-default elementor-section-height-default\" data-id=\"c0c830e\" data-element_type=\"section\" data-e-type=\"section\">\n\t\t\t\t\t\t<div class=\"elementor-container elementor-column-gap-default\">\n\t\t\t\t\t<div class=\"elementor-column elementor-col-50 elementor-top-column elementor-element elementor-element-0d7839a\" data-id=\"0d7839a\" data-element_type=\"column\" data-e-type=\"column\">\n\t\t\t<div class=\"elementor-widget-wrap elementor-element-populated\">\n\t\t\t\t\t\t<div class=\"elementor-element elementor-element-a51faf0 elementor-widget elementor-widget-image\" data-id=\"a51faf0\" data-element_type=\"widget\" data-e-type=\"widget\" data-widget_type=\"image.default\">\n\t\t\t\t<div class=\"elementor-widget-container\">\n\t\t\t\t\t\t\t\t\t\t\t\t\t\t\t<img decoding=\"async\" width=\"155\" height=\"96\" src=\"https:\/\/www.baustudio-bachmann.de\/wordpress\/wp-content\/uploads\/2021\/03\/Logo-BST.jpg\" class=\"attachment-large size-large wp-image-95\" alt=\"Logo BST\" \/>\t\t\t\t\t\t\t\t\t\t\t\t\t\t\t<\/div>\n\t\t\t\t<\/div>\n\t\t\t\t<div class=\"elementor-element elementor-element-a4ee71a elementor-widget elementor-widget-text-editor\" data-id=\"a4ee71a\" data-element_type=\"widget\" data-e-type=\"widget\" data-widget_type=\"text-editor.default\">\n\t\t\t\t<div class=\"elementor-widget-container\">\n\t\t\t\t\t\t\t\t\t<p><span style=\"font-family: helvetica;\"><b>BAUSTUDIO\u00a0Bachmann<\/b><\/span><\/p><p><span style=\"font-family: helvetica;\">Ansprechpartner ist<\/span><br \/><span style=\"font-family: helvetica;\">Herr Bachmann<\/span><\/p><p><span style=\"font-family: helvetica;\">Erlenweg 12<\/span><br \/><strong><span style=\"font-family: helvetica;\">38465 Brome<\/span><\/strong><\/p><p><span style=\"font-family: helvetica;\">Telefon: <\/span><span style=\"font-family: helvetica;\">05833-7699<\/span><br \/><span style=\"font-family: helvetica;\">Fax: <\/span><span style=\"font-family: helvetica;\">05833-979916<br \/>Mobil: 0172-794 18 38<\/span><\/p><p><span style=\"font-family: helvetica;\">mail@baustudio-bachmann.de<\/span><br \/><span style=\"font-family: helvetica;\">www.baustudio-bachmann.de<\/span><\/p>\t\t\t\t\t\t\t\t<\/div>\n\t\t\t\t<\/div>\n\t\t\t\t\t<\/div>\n\t\t<\/div>\n\t\t\t\t<div class=\"elementor-column elementor-col-50 elementor-top-column elementor-element elementor-element-dc3c6b9\" data-id=\"dc3c6b9\" data-element_type=\"column\" data-e-type=\"column\">\n\t\t\t<div class=\"elementor-widget-wrap elementor-element-populated\">\n\t\t\t\t\t\t<div class=\"elementor-element elementor-element-b2487cb elementor-widget elementor-widget-image\" data-id=\"b2487cb\" data-element_type=\"widget\" data-e-type=\"widget\" data-widget_type=\"image.default\">\n\t\t\t\t<div class=\"elementor-widget-container\">\n\t\t\t\t\t\t\t\t\t\t\t\t\t\t\t\t<a href=\"https:\/\/lange-juerries.de\/index.htm\">\n\t\t\t\t\t\t\t<img decoding=\"async\" src=\"https:\/\/www.baustudio-bachmann.de\/wordpress\/wp-content\/uploads\/elementor\/thumbs\/LOGO_L_J_100PX-p5ydhf56yicwmd4mfp8ceipdzv9r2cflr9kbpvdm94.jpg\" title=\"LOGO_L_J_100PX\" alt=\"LOGO_L_J_100PX\" loading=\"lazy\" \/>\t\t\t\t\t\t\t\t<\/a>\n\t\t\t\t\t\t\t\t\t\t\t\t\t\t\t<\/div>\n\t\t\t\t<\/div>\n\t\t\t\t<div class=\"elementor-element elementor-element-ff30d77 elementor-widget elementor-widget-text-editor\" data-id=\"ff30d77\" data-element_type=\"widget\" data-e-type=\"widget\" data-widget_type=\"text-editor.default\">\n\t\t\t\t<div class=\"elementor-widget-container\">\n\t\t\t\t\t\t\t\t\t<p><b>Ingenieurb\u00fcro Lange &amp; J\u00fcrries<\/b><\/p>\n<p>Ansprechpartner sind Frau Ernst,<br>Herr Lange und Herr J\u00fcrries.<\/p>\n<p>Niels-Bohr-Stra\u00dfe 1<br><b>39104 Magdeburg<\/b><\/p>\n<p>Telefon: 0391 &#8211; 6 22 20 42<br>Fax: 0391 &#8211; 6 22 49 22<br>Durchwahl: 0391 &#8211; 63 60 91 39<\/p>\n<p>C.Ernst@Lange-Juerries.de<\/p>\t\t\t\t\t\t\t\t<\/div>\n\t\t\t\t<\/div>\n\t\t\t\t\t<\/div>\n\t\t<\/div>\n\t\t\t\t\t<\/div>\n\t\t<\/section>\n\t\t\t\t<section class=\"elementor-section elementor-top-section elementor-element elementor-element-b9e4e43 elementor-section-boxed elementor-section-height-default elementor-section-height-default\" data-id=\"b9e4e43\" data-element_type=\"section\" data-e-type=\"section\">\n\t\t\t\t\t\t<div class=\"elementor-container elementor-column-gap-default\">\n\t\t\t\t\t<div class=\"elementor-column elementor-col-100 elementor-top-column elementor-element elementor-element-36406e4\" data-id=\"36406e4\" data-element_type=\"column\" data-e-type=\"column\">\n\t\t\t<div class=\"elementor-widget-wrap elementor-element-populated\">\n\t\t\t\t\t\t<div class=\"elementor-element elementor-element-e0c7804 elementor-widget elementor-widget-text-editor\" data-id=\"e0c7804\" data-element_type=\"widget\" data-e-type=\"widget\" data-widget_type=\"text-editor.default\">\n\t\t\t\t<div class=\"elementor-widget-container\">\n\t\t\t\t\t\t\t\t\t<p><span style=\"font-family: helvetica;\">Impressum<\/span><\/p>\t\t\t\t\t\t\t\t<\/div>\n\t\t\t\t<\/div>\n\t\t\t\t\t<\/div>\n\t\t<\/div>\n\t\t\t\t\t<\/div>\n\t\t<\/section>\n\t\t\t\t<section class=\"elementor-section elementor-top-section elementor-element elementor-element-9aadb5c elementor-section-boxed elementor-section-height-default elementor-section-height-default\" data-id=\"9aadb5c\" data-element_type=\"section\" data-e-type=\"section\">\n\t\t\t\t\t\t<div class=\"elementor-container elementor-column-gap-default\">\n\t\t\t\t\t<div class=\"elementor-column elementor-col-100 elementor-top-column elementor-element elementor-element-38c192f\" data-id=\"38c192f\" data-element_type=\"column\" data-e-type=\"column\">\n\t\t\t<div class=\"elementor-widget-wrap elementor-element-populated\">\n\t\t\t\t\t\t<div class=\"elementor-element elementor-element-2a641e4 elementor-widget elementor-widget-text-editor\" data-id=\"2a641e4\" data-element_type=\"widget\" data-e-type=\"widget\" data-widget_type=\"text-editor.default\">\n\t\t\t\t<div class=\"elementor-widget-container\">\n\t\t\t\t\t\t\t\t\t<p>Gesch\u00e4ftsf\u00fchrer: Lutz Bachmann<br \/>Steuernummer : 19\/102\/02271<br \/>Umsatzsteuer ID-Nummer gem. \u00a727 a USt-Gesetz: <br \/>DE 200 488 168 <\/p>\t\t\t\t\t\t\t\t<\/div>\n\t\t\t\t<\/div>\n\t\t\t\t\t<\/div>\n\t\t<\/div>\n\t\t\t\t\t<\/div>\n\t\t<\/section>\n\t\t\t\t<section class=\"elementor-section elementor-top-section elementor-element elementor-element-c3b6a24 elementor-section-boxed elementor-section-height-default elementor-section-height-default\" data-id=\"c3b6a24\" data-element_type=\"section\" data-e-type=\"section\">\n\t\t\t\t\t\t<div class=\"elementor-container elementor-column-gap-default\">\n\t\t\t\t\t<div class=\"elementor-column elementor-col-100 elementor-top-column elementor-element elementor-element-3fe43d4\" data-id=\"3fe43d4\" data-element_type=\"column\" data-e-type=\"column\">\n\t\t\t<div class=\"elementor-widget-wrap elementor-element-populated\">\n\t\t\t\t\t\t<div class=\"elementor-element elementor-element-dcc066c elementor-widget elementor-widget-text-editor\" data-id=\"dcc066c\" data-element_type=\"widget\" data-e-type=\"widget\" data-widget_type=\"text-editor.default\">\n\t\t\t\t<div class=\"elementor-widget-container\">\n\t\t\t\t\t\t\t\t\t<p><span style=\"font-family: helvetica;\">Nutzung von Informationen<br \/><\/span><\/p>\t\t\t\t\t\t\t\t<\/div>\n\t\t\t\t<\/div>\n\t\t\t\t\t<\/div>\n\t\t<\/div>\n\t\t\t\t\t<\/div>\n\t\t<\/section>\n\t\t\t\t<section class=\"elementor-section elementor-top-section elementor-element elementor-element-a9ad16b elementor-section-boxed elementor-section-height-default elementor-section-height-default\" data-id=\"a9ad16b\" data-element_type=\"section\" data-e-type=\"section\">\n\t\t\t\t\t\t<div class=\"elementor-container elementor-column-gap-default\">\n\t\t\t\t\t<div class=\"elementor-column elementor-col-100 elementor-top-column elementor-element elementor-element-25109de\" data-id=\"25109de\" data-element_type=\"column\" data-e-type=\"column\">\n\t\t\t<div class=\"elementor-widget-wrap elementor-element-populated\">\n\t\t\t\t\t\t<div class=\"elementor-element elementor-element-4cae960 elementor-widget elementor-widget-text-editor\" data-id=\"4cae960\" data-element_type=\"widget\" data-e-type=\"widget\" data-widget_type=\"text-editor.default\">\n\t\t\t\t<div class=\"elementor-widget-container\">\n\t\t\t\t\t\t\t\t\t<p>Die auf dieser Internetseite des BAUSTUDIO Bachmann enthaltenen Informationen d\u00fcrfen nicht f\u00fcr gewerbliche Zwecke verwendet werden. Eine Ausnahme gilt f\u00fcr die Nutzung im Zusammenhang mit Umfragen zu den Unternehmen, Produkten und Dienstleistungen des BAUSTUDIO Bachmann. Insbesondere Software, die heruntergeladen werden kann, darf nicht weiter vertrieben, verkauft, entkompiliert, disassembliert, ver\u00e4ndert oder weiterentwickelt werden.<\/p>\t\t\t\t\t\t\t\t<\/div>\n\t\t\t\t<\/div>\n\t\t\t\t\t<\/div>\n\t\t<\/div>\n\t\t\t\t\t<\/div>\n\t\t<\/section>\n\t\t\t\t<section class=\"elementor-section elementor-top-section elementor-element elementor-element-eaa5525 elementor-section-boxed elementor-section-height-default elementor-section-height-default\" data-id=\"eaa5525\" data-element_type=\"section\" data-e-type=\"section\">\n\t\t\t\t\t\t<div class=\"elementor-container elementor-column-gap-default\">\n\t\t\t\t\t<div class=\"elementor-column elementor-col-100 elementor-top-column elementor-element elementor-element-3acdbcd\" data-id=\"3acdbcd\" data-element_type=\"column\" data-e-type=\"column\">\n\t\t\t<div class=\"elementor-widget-wrap elementor-element-populated\">\n\t\t\t\t\t\t<div class=\"elementor-element elementor-element-aa0fd39 elementor-widget elementor-widget-text-editor\" data-id=\"aa0fd39\" data-element_type=\"widget\" data-e-type=\"widget\" data-widget_type=\"text-editor.default\">\n\t\t\t\t<div class=\"elementor-widget-container\">\n\t\t\t\t\t\t\t\t\t<p><span style=\"font-family: helvetica;\">Rechte am geistigen Eigentum<br \/><\/span><\/p>\t\t\t\t\t\t\t\t<\/div>\n\t\t\t\t<\/div>\n\t\t\t\t\t<\/div>\n\t\t<\/div>\n\t\t\t\t\t<\/div>\n\t\t<\/section>\n\t\t\t\t<section class=\"elementor-section elementor-top-section elementor-element elementor-element-21db44b elementor-section-boxed elementor-section-height-default elementor-section-height-default\" data-id=\"21db44b\" data-element_type=\"section\" data-e-type=\"section\">\n\t\t\t\t\t\t<div class=\"elementor-container elementor-column-gap-default\">\n\t\t\t\t\t<div class=\"elementor-column elementor-col-100 elementor-top-column elementor-element elementor-element-a3eda28\" data-id=\"a3eda28\" data-element_type=\"column\" data-e-type=\"column\">\n\t\t\t<div class=\"elementor-widget-wrap elementor-element-populated\">\n\t\t\t\t\t\t<div class=\"elementor-element elementor-element-dfb594f elementor-widget elementor-widget-text-editor\" data-id=\"dfb594f\" data-element_type=\"widget\" data-e-type=\"widget\" data-widget_type=\"text-editor.default\">\n\t\t\t\t<div class=\"elementor-widget-container\">\n\t\t\t\t\t\t\t\t\t<p>Das BAUSTUDIO Bachmann beh\u00e4lt sich alle bestehenden Rechte am geistigen Eigentum vor und beansprucht alle zuk\u00fcnftigen Rechte an und zu Informationen der BAUSTUDIO Bachmann Internetseiten. Dies gilt insbesondere f\u00fcr Urheberrechte, gleichg\u00fcltig ob sie speziell durch einen (c)-Vermerk beansprucht werden oder nicht sowie bestehende oder zuk\u00fcnftige Rechte an Warenzeichen f\u00fcr alle Bezeichnungen von Produkten oder Dienstleistungen, gleichg\u00fcltig ob diese speziell durch den &#8482;-Vermerk beansprucht werden oder nicht. Hiermit wird keine Lizenz oder \u00e4hnliches erteilt.<\/p>\t\t\t\t\t\t\t\t<\/div>\n\t\t\t\t<\/div>\n\t\t\t\t\t<\/div>\n\t\t<\/div>\n\t\t\t\t\t<\/div>\n\t\t<\/section>\n\t\t\t\t<section class=\"elementor-section elementor-top-section elementor-element elementor-element-7f1fdb5 elementor-section-boxed elementor-section-height-default elementor-section-height-default\" data-id=\"7f1fdb5\" data-element_type=\"section\" data-e-type=\"section\">\n\t\t\t\t\t\t<div class=\"elementor-container elementor-column-gap-default\">\n\t\t\t\t\t<div class=\"elementor-column elementor-col-100 elementor-top-column elementor-element elementor-element-07858dd\" data-id=\"07858dd\" data-element_type=\"column\" data-e-type=\"column\">\n\t\t\t<div class=\"elementor-widget-wrap elementor-element-populated\">\n\t\t\t\t\t\t<div class=\"elementor-element elementor-element-f25e853 elementor-widget elementor-widget-text-editor\" data-id=\"f25e853\" data-element_type=\"widget\" data-e-type=\"widget\" data-widget_type=\"text-editor.default\">\n\t\t\t\t<div class=\"elementor-widget-container\">\n\t\t\t\t\t\t\t\t\t<p><span style=\"font-family: helvetica;\">Haftungshinweis<br \/><\/span><\/p>\t\t\t\t\t\t\t\t<\/div>\n\t\t\t\t<\/div>\n\t\t\t\t\t<\/div>\n\t\t<\/div>\n\t\t\t\t\t<\/div>\n\t\t<\/section>\n\t\t\t\t<section class=\"elementor-section elementor-top-section elementor-element elementor-element-cbb7bc4 elementor-section-boxed elementor-section-height-default elementor-section-height-default\" data-id=\"cbb7bc4\" data-element_type=\"section\" data-e-type=\"section\">\n\t\t\t\t\t\t<div class=\"elementor-container elementor-column-gap-default\">\n\t\t\t\t\t<div class=\"elementor-column elementor-col-100 elementor-top-column elementor-element elementor-element-f69c9db\" data-id=\"f69c9db\" data-element_type=\"column\" data-e-type=\"column\">\n\t\t\t<div class=\"elementor-widget-wrap elementor-element-populated\">\n\t\t\t\t\t\t<div class=\"elementor-element elementor-element-14d410f elementor-widget elementor-widget-text-editor\" data-id=\"14d410f\" data-element_type=\"widget\" data-e-type=\"widget\" data-widget_type=\"text-editor.default\">\n\t\t\t\t<div class=\"elementor-widget-container\">\n\t\t\t\t\t\t\t\t\t<p>Trotz sorgf\u00e4ltiger inhaltlicher Kontrolle \u00fcbernehmen wir keine Haftung f\u00fcr die Inhalte externer Links. F\u00fcr den Inhalt der verlinkten Seiten sind ausschlie\u00dflich deren Betreiber verantwortlich. S\u00e4mtliche angebotenen Informationen d\u00fcrfen &#8211; auch auszugsweise &#8211; nur mit schriftlicher Genehmigung von Baustudio Bachmann weiterverbreitet oder anderweitig ver\u00f6ffentlicht werden. Keinesfalls ist es gestattet, die abgerufenen Informationen online oder auf andere Medien weiterzuverbreiten oder kommerziell zu nutzen! Inhaltlich Verantwortlicher gem\u00e4\u00df \u00a7 6 MDStV: Baustudio Bachmann<\/p>\t\t\t\t\t\t\t\t<\/div>\n\t\t\t\t<\/div>\n\t\t\t\t\t<\/div>\n\t\t<\/div>\n\t\t\t\t\t<\/div>\n\t\t<\/section>\n\t\t\t\t<\/div>\n\t\t","protected":false},"excerpt":{"rendered":"<p>Kontakt, Impressum etc. Unsere Kontaktadressen BAUSTUDIO\u00a0Bachmann Ansprechpartner istHerr Bachmann Erlenweg 1238465 Brome Telefon: 05833-7699Fax: 05833-979916Mobil: 0172-794 18 38 mail@baustudio-bachmann.dewww.baustudio-bachmann.de Ingenieurb\u00fcro Lange &amp; J\u00fcrries Ansprechpartner sind Frau Ernst,Herr Lange und Herr J\u00fcrries. Niels-Bohr-Stra\u00dfe 139104 Magdeburg Telefon: 0391 &#8211; 6 22 20 42Fax: 0391 &#8211; 6 22 49 22Durchwahl: 0391 &#8211; 63 60 91 39 C.Ernst@Lange-Juerries.de Impressum [&hellip;]<\/p>\n","protected":false},"author":1,"featured_media":0,"parent":0,"menu_order":0,"comment_status":"closed","ping_status":"closed","template":"","meta":{"ocean_post_layout":"full-screen","ocean_both_sidebars_style":"","ocean_both_sidebars_content_width":0,"ocean_both_sidebars_sidebars_width":0,"ocean_sidebar":"0","ocean_second_sidebar":"0","ocean_disable_margins":"enable","ocean_add_body_class":"","ocean_shortcode_before_top_bar":"","ocean_shortcode_after_top_bar":"","ocean_shortcode_before_header":"","ocean_shortcode_after_header":"","ocean_has_shortcode":"","ocean_shortcode_after_title":"","ocean_shortcode_before_footer_widgets":"","ocean_shortcode_after_footer_widgets":"","ocean_shortcode_before_footer_bottom":"","ocean_shortcode_after_footer_bottom":"","ocean_display_top_bar":"off","ocean_display_header":"on","ocean_header_style":"","ocean_center_header_left_menu":"0","ocean_custom_header_template":"0","ocean_custom_logo":0,"ocean_custom_retina_logo":0,"ocean_custom_logo_max_width":0,"ocean_custom_logo_tablet_max_width":0,"ocean_custom_logo_mobile_max_width":0,"ocean_custom_logo_max_height":0,"ocean_custom_logo_tablet_max_height":0,"ocean_custom_logo_mobile_max_height":0,"ocean_header_custom_menu":"0","ocean_menu_typo_font_family":"0","ocean_menu_typo_font_subset":"","ocean_menu_typo_font_size":0,"ocean_menu_typo_font_size_tablet":0,"ocean_menu_typo_font_size_mobile":0,"ocean_menu_typo_font_size_unit":"px","ocean_menu_typo_font_weight":"","ocean_menu_typo_font_weight_tablet":"","ocean_menu_typo_font_weight_mobile":"","ocean_menu_typo_transform":"","ocean_menu_typo_transform_tablet":"","ocean_menu_typo_transform_mobile":"","ocean_menu_typo_line_height":0,"ocean_menu_typo_line_height_tablet":0,"ocean_menu_typo_line_height_mobile":0,"ocean_menu_typo_line_height_unit":"","ocean_menu_typo_spacing":0,"ocean_menu_typo_spacing_tablet":0,"ocean_menu_typo_spacing_mobile":0,"ocean_menu_typo_spacing_unit":"","ocean_menu_link_color":"","ocean_menu_link_color_hover":"","ocean_menu_link_color_active":"","ocean_menu_link_background":"","ocean_menu_link_hover_background":"","ocean_menu_link_active_background":"","ocean_menu_social_links_bg":"","ocean_menu_social_hover_links_bg":"","ocean_menu_social_links_color":"","ocean_menu_social_hover_links_color":"","ocean_disable_title":"on","ocean_disable_heading":"default","ocean_post_title":"","ocean_post_subheading":"","ocean_post_title_style":"","ocean_post_title_background_color":"","ocean_post_title_background":0,"ocean_post_title_bg_image_position":"","ocean_post_title_bg_image_attachment":"","ocean_post_title_bg_image_repeat":"","ocean_post_title_bg_image_size":"","ocean_post_title_height":0,"ocean_post_title_bg_overlay":0.5,"ocean_post_title_bg_overlay_color":"","ocean_disable_breadcrumbs":"default","ocean_breadcrumbs_color":"","ocean_breadcrumbs_separator_color":"","ocean_breadcrumbs_links_color":"","ocean_breadcrumbs_links_hover_color":"","ocean_display_footer_widgets":"on","ocean_display_footer_bottom":"on","ocean_custom_footer_template":"0","footnotes":""},"class_list":["post-8","page","type-page","status-publish","hentry","entry"],"_links":{"self":[{"href":"https:\/\/www.baustudio-bachmann.de\/wordpress\/wp-json\/wp\/v2\/pages\/8","targetHints":{"allow":["GET"]}}],"collection":[{"href":"https:\/\/www.baustudio-bachmann.de\/wordpress\/wp-json\/wp\/v2\/pages"}],"about":[{"href":"https:\/\/www.baustudio-bachmann.de\/wordpress\/wp-json\/wp\/v2\/types\/page"}],"author":[{"embeddable":true,"href":"https:\/\/www.baustudio-bachmann.de\/wordpress\/wp-json\/wp\/v2\/users\/1"}],"replies":[{"embeddable":true,"href":"https:\/\/www.baustudio-bachmann.de\/wordpress\/wp-json\/wp\/v2\/comments?post=8"}],"version-history":[{"count":56,"href":"https:\/\/www.baustudio-bachmann.de\/wordpress\/wp-json\/wp\/v2\/pages\/8\/revisions"}],"predecessor-version":[{"id":1286,"href":"https:\/\/www.baustudio-bachmann.de\/wordpress\/wp-json\/wp\/v2\/pages\/8\/revisions\/1286"}],"wp:attachment":[{"href":"https:\/\/www.baustudio-bachmann.de\/wordpress\/wp-json\/wp\/v2\/media?parent=8"}],"curies":[{"name":"wp","href":"https:\/\/api.w.org\/{rel}","templated":true}]}}