{"id":696,"date":"2021-04-03T00:06:16","date_gmt":"2021-04-02T22:06:16","guid":{"rendered":"https:\/\/www.baustudio-bachmann.de\/?page_id=696"},"modified":"2021-04-22T17:25:53","modified_gmt":"2021-04-22T15:25:53","slug":"home","status":"publish","type":"page","link":"https:\/\/www.baustudio-bachmann.de\/wordpress\/","title":{"rendered":"Home"},"content":{"rendered":"\t\t<div data-elementor-type=\"wp-page\" data-elementor-id=\"696\" class=\"elementor elementor-696\">\n\t\t\t\t\t\t<section class=\"elementor-section elementor-top-section elementor-element elementor-element-5986c91b elementor-section-full_width elementor-section-height-default elementor-section-height-default\" data-id=\"5986c91b\" data-element_type=\"section\" data-e-type=\"section\" data-settings=\"{&quot;background_background&quot;:&quot;slideshow&quot;,&quot;background_slideshow_gallery&quot;:[{&quot;id&quot;:98,&quot;url&quot;:&quot;https:\\\/\\\/www.baustudio-bachmann.de\\\/wordpress\\\/wp-content\\\/uploads\\\/2021\\\/03\\\/Dollarphotoclub_85426158-1840x698-1.jpg&quot;},{&quot;id&quot;:158,&quot;url&quot;:&quot;https:\\\/\\\/www.baustudio-bachmann.de\\\/wordpress\\\/wp-content\\\/uploads\\\/2021\\\/03\\\/services_01.jpg&quot;},{&quot;id&quot;:155,&quot;url&quot;:&quot;https:\\\/\\\/www.baustudio-bachmann.de\\\/wordpress\\\/wp-content\\\/uploads\\\/2021\\\/03\\\/Dollarphotoclub_75392254.jpg&quot;},{&quot;id&quot;:157,&quot;url&quot;:&quot;https:\\\/\\\/www.baustudio-bachmann.de\\\/wordpress\\\/wp-content\\\/uploads\\\/2021\\\/03\\\/Dollarphotoclub_87216927.jpg&quot;},{&quot;id&quot;:154,&quot;url&quot;:&quot;https:\\\/\\\/www.baustudio-bachmann.de\\\/wordpress\\\/wp-content\\\/uploads\\\/2021\\\/03\\\/Dollarphotoclub_62503059-1840x698-1.jpg&quot;},{&quot;id&quot;:156,&quot;url&quot;:&quot;https:\\\/\\\/www.baustudio-bachmann.de\\\/wordpress\\\/wp-content\\\/uploads\\\/2021\\\/03\\\/Dollarphotoclub_77912003.jpg&quot;}],&quot;background_slideshow_slide_transition&quot;:&quot;slide_right&quot;,&quot;background_slideshow_ken_burns&quot;:&quot;yes&quot;,&quot;background_slideshow_loop&quot;:&quot;yes&quot;,&quot;background_slideshow_slide_duration&quot;:5000,&quot;background_slideshow_transition_duration&quot;:500,&quot;background_slideshow_ken_burns_zoom_direction&quot;:&quot;in&quot;}\">\n\t\t\t\t\t\t<div class=\"elementor-container elementor-column-gap-custom\">\n\t\t\t\t\t<div class=\"elementor-column elementor-col-100 elementor-top-column elementor-element elementor-element-57d4d437\" data-id=\"57d4d437\" data-element_type=\"column\" data-e-type=\"column\">\n\t\t\t<div class=\"elementor-widget-wrap elementor-element-populated\">\n\t\t\t\t\t\t<section class=\"elementor-section elementor-inner-section elementor-element elementor-element-5bb1cca elementor-section-height-min-height elementor-section-boxed elementor-section-height-default\" data-id=\"5bb1cca\" data-element_type=\"section\" data-e-type=\"section\">\n\t\t\t\t\t\t<div class=\"elementor-container elementor-column-gap-default\">\n\t\t\t\t\t<div class=\"elementor-column elementor-col-100 elementor-inner-column elementor-element elementor-element-65527d65\" data-id=\"65527d65\" data-element_type=\"column\" data-e-type=\"column\" data-settings=\"{&quot;background_background&quot;:&quot;classic&quot;}\">\n\t\t\t<div class=\"elementor-widget-wrap elementor-element-populated\">\n\t\t\t\t\t\t<div class=\"elementor-element elementor-element-f518fb8 elementor-widget elementor-widget-heading\" data-id=\"f518fb8\" data-element_type=\"widget\" data-e-type=\"widget\" data-settings=\"{&quot;_animation&quot;:&quot;none&quot;}\" data-widget_type=\"heading.default\">\n\t\t\t\t<div class=\"elementor-widget-container\">\n\t\t\t\t\t<h2 class=\"elementor-heading-title elementor-size-default\">Unser Leistungsspektrum<\/h2>\t\t\t\t<\/div>\n\t\t\t\t<\/div>\n\t\t\t\t<div class=\"elementor-element elementor-element-7cb5be65 elementor-widget elementor-widget-text-editor\" data-id=\"7cb5be65\" data-element_type=\"widget\" data-e-type=\"widget\" data-widget_type=\"text-editor.default\">\n\t\t\t\t<div class=\"elementor-widget-container\">\n\t\t\t\t\t\t\t\t\t<p><b>Kompetente<br \/><\/b><b><\/b><b>Beratung, Planung und Bau\u00fcberwachung<br \/><\/b><b><\/b><b>bis zur Schl\u00fcssel\u00fcbergabe<\/b><\/p>\t\t\t\t\t\t\t\t<\/div>\n\t\t\t\t<\/div>\n\t\t\t\t\t<\/div>\n\t\t<\/div>\n\t\t\t\t\t<\/div>\n\t\t<\/section>\n\t\t\t\t\t<\/div>\n\t\t<\/div>\n\t\t\t\t\t<\/div>\n\t\t<\/section>\n\t\t\t\t<section class=\"elementor-section elementor-top-section elementor-element elementor-element-5705556f elementor-section-full_width elementor-section-items-top elementor-section-content-top elementor-section-height-min-height elementor-section-height-default\" data-id=\"5705556f\" data-element_type=\"section\" data-e-type=\"section\" data-settings=\"{&quot;animation&quot;:&quot;none&quot;}\">\n\t\t\t\t\t\t<div class=\"elementor-container elementor-column-gap-custom\">\n\t\t\t\t\t<div class=\"elementor-column elementor-col-100 elementor-top-column elementor-element elementor-element-38b0bd36\" data-id=\"38b0bd36\" data-element_type=\"column\" data-e-type=\"column\">\n\t\t\t<div class=\"elementor-widget-wrap elementor-element-populated\">\n\t\t\t\t\t\t<div class=\"elementor-element elementor-element-7623fdf6 elementor-widget__width-auto elementor-absolute elementor-widget elementor-widget-heading\" data-id=\"7623fdf6\" data-element_type=\"widget\" data-e-type=\"widget\" data-settings=\"{&quot;_position&quot;:&quot;absolute&quot;}\" data-widget_type=\"heading.default\">\n\t\t\t\t<div class=\"elementor-widget-container\">\n\t\t\t\t\t<h2 class=\"elementor-heading-title elementor-size-xl\">UNSERE T\u00c4GLICHE ARBEIT...<\/h2>\t\t\t\t<\/div>\n\t\t\t\t<\/div>\n\t\t\t\t<div class=\"elementor-element elementor-element-2582ac40 elementor-widget__width-auto elementor-absolute elementor-widget elementor-widget-text-editor\" data-id=\"2582ac40\" data-element_type=\"widget\" data-e-type=\"widget\" data-settings=\"{&quot;_position&quot;:&quot;absolute&quot;}\" data-widget_type=\"text-editor.default\">\n\t\t\t\t<div class=\"elementor-widget-container\">\n\t\t\t\t\t\t\t\t\t<p>gliedert sich in verschiedenste Planungsbereiche und Objektgr\u00f6\u00dfen. Ein Querschnitt durch unser<br \/>Leistungsspektrum ist auf den nachfolgenden Seiten dargestellt.<\/p><ul><li>Neubauten, Umbauten, Sanierungen<\/li><li>Bestandsaufnahmen \/ Aufma\u00dfe<\/li><li>Statik, Schal- und Bewehrungsplanung<\/li><li>Bau\u00fcberwachung schl\u00fcsselfertig<\/li><li>Haustechnikplanung (Hzg., L\u00fcft., Sanit\u00e4r, Elt.)<\/li><\/ul>\t\t\t\t\t\t\t\t<\/div>\n\t\t\t\t<\/div>\n\t\t\t\t<div class=\"elementor-element elementor-element-3bc25156 elementor-widget elementor-widget-text-editor\" data-id=\"3bc25156\" data-element_type=\"widget\" data-e-type=\"widget\" data-widget_type=\"text-editor.default\">\n\t\t\t\t<div class=\"elementor-widget-container\">\n\t\t\t\t\t\t\t\t\t<p>Lorem ipsum dolor sit amet, consectetur adipiscing elit. Ut elit tellus, luctus nec ullamcorper mattis, pulvinar dapibus leo.<\/p>\t\t\t\t\t\t\t\t<\/div>\n\t\t\t\t<\/div>\n\t\t\t\t\t<\/div>\n\t\t<\/div>\n\t\t\t\t\t<\/div>\n\t\t<\/section>\n\t\t\t\t<section class=\"elementor-section elementor-top-section elementor-element elementor-element-449b1ad6 elementor-section-full_width elementor-section-content-top elementor-section-height-default elementor-section-height-default\" data-id=\"449b1ad6\" data-element_type=\"section\" data-e-type=\"section\">\n\t\t\t\t\t\t<div class=\"elementor-container elementor-column-gap-wider\">\n\t\t\t\t\t<div class=\"elementor-column elementor-col-100 elementor-top-column elementor-element elementor-element-4d38ff3\" data-id=\"4d38ff3\" data-element_type=\"column\" data-e-type=\"column\">\n\t\t\t<div class=\"elementor-widget-wrap elementor-element-populated\">\n\t\t\t\t\t\t<div class=\"elementor-element elementor-element-d0944fa elementor-widget__width-auto elementor-absolute elementor-widget elementor-widget-heading\" data-id=\"d0944fa\" data-element_type=\"widget\" data-e-type=\"widget\" data-settings=\"{&quot;_position&quot;:&quot;absolute&quot;}\" data-widget_type=\"heading.default\">\n\t\t\t\t<div class=\"elementor-widget-container\">\n\t\t\t\t\t<h2 class=\"elementor-heading-title elementor-size-default\">UNSER LEISTUNGSSPEKTRUM...<\/h2>\t\t\t\t<\/div>\n\t\t\t\t<\/div>\n\t\t\t\t\t<\/div>\n\t\t<\/div>\n\t\t\t\t\t<\/div>\n\t\t<\/section>\n\t\t\t\t<section class=\"elementor-section elementor-top-section elementor-element elementor-element-ace141d elementor-section-full_width elementor-section-height-default elementor-section-height-default\" data-id=\"ace141d\" data-element_type=\"section\" data-e-type=\"section\">\n\t\t\t\t\t\t<div class=\"elementor-container elementor-column-gap-narrow\">\n\t\t\t\t\t<div class=\"elementor-column elementor-col-25 elementor-top-column elementor-element elementor-element-7cba7515\" data-id=\"7cba7515\" data-element_type=\"column\" data-e-type=\"column\">\n\t\t\t<div class=\"elementor-widget-wrap elementor-element-populated\">\n\t\t\t\t\t\t<div class=\"elementor-element elementor-element-7a73eea6 elementor-position-top elementor-widget elementor-widget-image-box\" data-id=\"7a73eea6\" data-element_type=\"widget\" data-e-type=\"widget\" data-widget_type=\"image-box.default\">\n\t\t\t\t<div class=\"elementor-widget-container\">\n\t\t\t\t\t<div class=\"elementor-image-box-wrapper\"><figure class=\"elementor-image-box-img\"><a href=\"https:\/\/www.baustudio-bachmann.de\/wordpress\/galerie\/#anker1-efh\" tabindex=\"-1\"><img decoding=\"async\" src=\"https:\/\/www.baustudio-bachmann.de\/wordpress\/wp-content\/uploads\/elementor\/thumbs\/Dollarphotoclub_52627607-p4z5fb91w0d5yxfnhxwq87t1pktfb94bab6kmfofdc.jpg\" title=\"Dollarphotoclub_52627607\" alt=\"Dollarphotoclub_52627607\" class=\"elementor-animation-grow\" loading=\"lazy\" \/><\/a><\/figure><div class=\"elementor-image-box-content\"><h3 class=\"elementor-image-box-title\"><a href=\"https:\/\/www.baustudio-bachmann.de\/wordpress\/galerie\/#anker1-efh\">Einfamilienh\u00e4user<\/a><\/h3><p class=\"elementor-image-box-description\">Individualit\u00e4t macht jedes Haus zu etwas Besonderem. Keiner will ein \"Haus von der Stange\" - wir auch nicht ....<\/p><\/div><\/div>\t\t\t\t<\/div>\n\t\t\t\t<\/div>\n\t\t\t\t\t<\/div>\n\t\t<\/div>\n\t\t\t\t<div class=\"elementor-column elementor-col-25 elementor-top-column elementor-element elementor-element-3973d32\" data-id=\"3973d32\" data-element_type=\"column\" data-e-type=\"column\">\n\t\t\t<div class=\"elementor-widget-wrap elementor-element-populated\">\n\t\t\t\t\t\t<div class=\"elementor-element elementor-element-48fc385f elementor-position-top elementor-widget elementor-widget-image-box\" data-id=\"48fc385f\" data-element_type=\"widget\" data-e-type=\"widget\" data-widget_type=\"image-box.default\">\n\t\t\t\t<div class=\"elementor-widget-container\">\n\t\t\t\t\t<div class=\"elementor-image-box-wrapper\"><figure class=\"elementor-image-box-img\"><a href=\"https:\/\/www.baustudio-bachmann.de\/wordpress\/galerie\/#anker2-ph\" tabindex=\"-1\"><img decoding=\"async\" src=\"https:\/\/www.baustudio-bachmann.de\/wordpress\/wp-content\/uploads\/elementor\/thumbs\/IMG_9898-p5yapbc1jevuwtijh6iljtyu5enjcfgz5w180u8hxs.jpg\" title=\"IMG_9898\" alt=\"IMG_9898\" class=\"elementor-animation-grow\" loading=\"lazy\" \/><\/a><\/figure><div class=\"elementor-image-box-content\"><h3 class=\"elementor-image-box-title\"><a href=\"https:\/\/www.baustudio-bachmann.de\/wordpress\/galerie\/#anker2-ph\">Passivh\u00e4user<\/a><\/h3><p class=\"elementor-image-box-description\">sind besonders energiesparende H\u00e4user mit einem hohen Wohnkomfort. Zudem werden sie staatlich gef\u00f6rdert...<\/p><\/div><\/div>\t\t\t\t<\/div>\n\t\t\t\t<\/div>\n\t\t\t\t\t<\/div>\n\t\t<\/div>\n\t\t\t\t<div class=\"elementor-column elementor-col-25 elementor-top-column elementor-element elementor-element-5e9ba386\" data-id=\"5e9ba386\" data-element_type=\"column\" data-e-type=\"column\">\n\t\t\t<div class=\"elementor-widget-wrap elementor-element-populated\">\n\t\t\t\t\t\t<div class=\"elementor-element elementor-element-33346586 elementor-position-top elementor-widget elementor-widget-image-box\" data-id=\"33346586\" data-element_type=\"widget\" data-e-type=\"widget\" data-widget_type=\"image-box.default\">\n\t\t\t\t<div class=\"elementor-widget-container\">\n\t\t\t\t\t<div class=\"elementor-image-box-wrapper\"><figure class=\"elementor-image-box-img\"><a href=\"https:\/\/www.baustudio-bachmann.de\/wordpress\/galerie\/#anker3-mfh\" tabindex=\"-1\"><img decoding=\"async\" src=\"https:\/\/www.baustudio-bachmann.de\/wordpress\/wp-content\/uploads\/elementor\/thumbs\/IMG_5224-p5yao43gt18o2r9chntrd4vmtoknicpbny0vy40lw0.jpg\" title=\"IMG_5224\" alt=\"IMG_5224\" class=\"elementor-animation-grow\" loading=\"lazy\" \/><\/a><\/figure><div class=\"elementor-image-box-content\"><h3 class=\"elementor-image-box-title\"><a href=\"https:\/\/www.baustudio-bachmann.de\/wordpress\/galerie\/#anker3-mfh\">Mehrfamilienh\u00e4user<\/a><\/h3><p class=\"elementor-image-box-description\">haben besondere Anforderungen, wie z.B. eine kompakte Bauweise, gutes Wohngef\u00fchl mit Privatsph\u00e4re, Schallschutz uvm...<\/p><\/div><\/div>\t\t\t\t<\/div>\n\t\t\t\t<\/div>\n\t\t\t\t\t<\/div>\n\t\t<\/div>\n\t\t\t\t<div class=\"elementor-column elementor-col-25 elementor-top-column elementor-element elementor-element-35d94a7b\" data-id=\"35d94a7b\" data-element_type=\"column\" data-e-type=\"column\">\n\t\t\t<div class=\"elementor-widget-wrap elementor-element-populated\">\n\t\t\t\t\t\t<div class=\"elementor-element elementor-element-467f2398 elementor-position-top elementor-widget elementor-widget-image-box\" data-id=\"467f2398\" data-element_type=\"widget\" data-e-type=\"widget\" data-widget_type=\"image-box.default\">\n\t\t\t\t<div class=\"elementor-widget-container\">\n\t\t\t\t\t<div class=\"elementor-image-box-wrapper\"><figure class=\"elementor-image-box-img\"><a href=\"https:\/\/www.baustudio-bachmann.de\/wordpress\/galerie\/#anker4-gew\" tabindex=\"-1\"><img decoding=\"async\" src=\"https:\/\/www.baustudio-bachmann.de\/wordpress\/wp-content\/uploads\/elementor\/thumbs\/GF-CuA-2-p4z97akil6ihk3wxgpxqxwhngal0uwydzcrbzi2380.jpg\" title=\"GF-CuA-2\" alt=\"GF-CuA-2\" class=\"elementor-animation-grow\" loading=\"lazy\" \/><\/a><\/figure><div class=\"elementor-image-box-content\"><h3 class=\"elementor-image-box-title\"><a href=\"https:\/\/www.baustudio-bachmann.de\/wordpress\/galerie\/#anker4-gew\">Gewerbebauten<\/a><\/h3><p class=\"elementor-image-box-description\">sind sehr vielf\u00e4ltig und verlangen ein gutes Einf\u00fchlungsverm\u00f6gen in innerbetriebliche Abl\u00e4ufe des Investeors. Kosten &amp; Nutzen spielen eine gro\u00dfe Rolle...<\/p><\/div><\/div>\t\t\t\t<\/div>\n\t\t\t\t<\/div>\n\t\t\t\t\t<\/div>\n\t\t<\/div>\n\t\t\t\t\t<\/div>\n\t\t<\/section>\n\t\t\t\t<section class=\"elementor-section elementor-top-section elementor-element elementor-element-581249b9 elementor-section-full_width elementor-section-height-default elementor-section-height-default\" data-id=\"581249b9\" data-element_type=\"section\" data-e-type=\"section\">\n\t\t\t\t\t\t<div class=\"elementor-container elementor-column-gap-narrow\">\n\t\t\t\t\t<div class=\"elementor-column elementor-col-25 elementor-top-column elementor-element elementor-element-28104715\" data-id=\"28104715\" data-element_type=\"column\" data-e-type=\"column\">\n\t\t\t<div class=\"elementor-widget-wrap elementor-element-populated\">\n\t\t\t\t\t\t<div class=\"elementor-element elementor-element-7d37b4fe elementor-position-top elementor-widget elementor-widget-image-box\" data-id=\"7d37b4fe\" data-element_type=\"widget\" data-e-type=\"widget\" data-widget_type=\"image-box.default\">\n\t\t\t\t<div class=\"elementor-widget-container\">\n\t\t\t\t\t<div class=\"elementor-image-box-wrapper\"><figure class=\"elementor-image-box-img\"><a href=\"https:\/\/www.baustudio-bachmann.de\/wordpress\/galerie\/#anker5-sani\" tabindex=\"-1\"><img decoding=\"async\" src=\"https:\/\/www.baustudio-bachmann.de\/wordpress\/wp-content\/uploads\/elementor\/thumbs\/slider_bestand2-p4z9zb5caev5lp7wvbwfrbz8uqhva56di0rbxeinrk.png\" title=\"slider_bestand2\" alt=\"slider_bestand2\" class=\"elementor-animation-grow\" loading=\"lazy\" \/><\/a><\/figure><div class=\"elementor-image-box-content\"><h3 class=\"elementor-image-box-title\"><a href=\"https:\/\/www.baustudio-bachmann.de\/wordpress\/galerie\/#anker5-sani\">Bestandsaufnahme<\/a><\/h3><p class=\"elementor-image-box-description\">sind eine Herausforderung - nur \"stumpfes Messen\" reicht hier nicht, um Geb\u00e4ude und ihre Konstruktion zu verstehen...<\/p><\/div><\/div>\t\t\t\t<\/div>\n\t\t\t\t<\/div>\n\t\t\t\t\t<\/div>\n\t\t<\/div>\n\t\t\t\t<div class=\"elementor-column elementor-col-25 elementor-top-column elementor-element elementor-element-dbccdaa\" data-id=\"dbccdaa\" data-element_type=\"column\" data-e-type=\"column\">\n\t\t\t<div class=\"elementor-widget-wrap elementor-element-populated\">\n\t\t\t\t\t\t<div class=\"elementor-element elementor-element-5f298a9c elementor-position-top elementor-widget elementor-widget-image-box\" data-id=\"5f298a9c\" data-element_type=\"widget\" data-e-type=\"widget\" data-widget_type=\"image-box.default\">\n\t\t\t\t<div class=\"elementor-widget-container\">\n\t\t\t\t\t<div class=\"elementor-image-box-wrapper\"><figure class=\"elementor-image-box-img\"><a href=\"https:\/\/www.baustudio-bachmann.de\/wordpress\/galerie\/#anker5-sani\" tabindex=\"-1\"><img decoding=\"async\" src=\"https:\/\/www.baustudio-bachmann.de\/wordpress\/wp-content\/uploads\/elementor\/thumbs\/slider_umbau2-p4z9zvtsgrngp4dviku8a6rdx7nxzhggwv40hhnzyo.png\" title=\"slider_umbau2\" alt=\"\u00e4lks\u00f6lkvh\u00f6\" class=\"elementor-animation-grow\" loading=\"lazy\" \/><\/a><\/figure><div class=\"elementor-image-box-content\"><h3 class=\"elementor-image-box-title\"><a href=\"https:\/\/www.baustudio-bachmann.de\/wordpress\/galerie\/#anker5-sani\">Umbau\/Sanierung<\/a><\/h3><p class=\"elementor-image-box-description\">sind anspruchsvoll in der Planung, denn am Ende soll alles zueinander passen, sowie optisch und technisch auf dem Stand der Zeit sein...<\/p><\/div><\/div>\t\t\t\t<\/div>\n\t\t\t\t<\/div>\n\t\t\t\t\t<\/div>\n\t\t<\/div>\n\t\t\t\t<div class=\"elementor-column elementor-col-25 elementor-top-column elementor-element elementor-element-2535e9c3\" data-id=\"2535e9c3\" data-element_type=\"column\" data-e-type=\"column\">\n\t\t\t<div class=\"elementor-widget-wrap elementor-element-populated\">\n\t\t\t\t\t\t<div class=\"elementor-element elementor-element-5a9cd5c6 elementor-position-top elementor-widget elementor-widget-image-box\" data-id=\"5a9cd5c6\" data-element_type=\"widget\" data-e-type=\"widget\" data-widget_type=\"image-box.default\">\n\t\t\t\t<div class=\"elementor-widget-container\">\n\t\t\t\t\t<div class=\"elementor-image-box-wrapper\"><figure class=\"elementor-image-box-img\"><a href=\"https:\/\/www.baustudio-bachmann.de\/wordpress\/galerie\/#anker6-wind\" tabindex=\"-1\"><img decoding=\"async\" src=\"https:\/\/www.baustudio-bachmann.de\/wordpress\/wp-content\/uploads\/elementor\/thumbs\/slider_windkraft-p4z9zvtsgrngp4dviku8a6rdx7nxzhggwv40hhnzyo.png\" title=\"slider_windkraft\" alt=\"\u00e4\u00f6ojsivj\" class=\"elementor-animation-grow\" loading=\"lazy\" \/><\/a><\/figure><div class=\"elementor-image-box-content\"><h3 class=\"elementor-image-box-title\"><a href=\"https:\/\/www.baustudio-bachmann.de\/wordpress\/galerie\/#anker6-wind\">Windkraftanlagen<\/a><\/h3><p class=\"elementor-image-box-description\">sind einwichtiger Beitrag zur Energiewende. Die Antr\u00e4ge sind sehr komplex und vielseitig. Hier arbeiten wir als Dienstleister f\u00fcr Investoren...<\/p><\/div><\/div>\t\t\t\t<\/div>\n\t\t\t\t<\/div>\n\t\t\t\t\t<\/div>\n\t\t<\/div>\n\t\t\t\t<div class=\"elementor-column elementor-col-25 elementor-top-column elementor-element elementor-element-36800d00\" data-id=\"36800d00\" data-element_type=\"column\" data-e-type=\"column\">\n\t\t\t<div class=\"elementor-widget-wrap elementor-element-populated\">\n\t\t\t\t\t\t<div class=\"elementor-element elementor-element-c613dea elementor-position-top elementor-widget elementor-widget-image-box\" data-id=\"c613dea\" data-element_type=\"widget\" data-e-type=\"widget\" data-widget_type=\"image-box.default\">\n\t\t\t\t<div class=\"elementor-widget-container\">\n\t\t\t\t\t<div class=\"elementor-image-box-wrapper\"><figure class=\"elementor-image-box-img\"><a href=\"https:\/\/www.baustudio-bachmann.de\/wordpress\/highlights\/\" tabindex=\"-1\"><img decoding=\"async\" src=\"https:\/\/www.baustudio-bachmann.de\/wordpress\/wp-content\/uploads\/elementor\/thumbs\/slider4-p4sfygzvgyit6u9qkwwbgbp0jkpytk594qtx8mn100.jpg\" title=\"slider4.jpg\" alt=\"slider4.jpg\" class=\"elementor-animation-grow\" loading=\"lazy\" \/><\/a><\/figure><div class=\"elementor-image-box-content\"><h3 class=\"elementor-image-box-title\"><a href=\"https:\/\/www.baustudio-bachmann.de\/wordpress\/highlights\/\">Highlights<\/a><\/h3><p class=\"elementor-image-box-description\">Einige unserer interessantesten Projekte, die wir in mehr als 20 Jahren unserer Arbeit umgesetzt haben...<\/p><\/div><\/div>\t\t\t\t<\/div>\n\t\t\t\t<\/div>\n\t\t\t\t\t<\/div>\n\t\t<\/div>\n\t\t\t\t\t<\/div>\n\t\t<\/section>\n\t\t\t\t<\/div>\n\t\t","protected":false},"excerpt":{"rendered":"<p>Unser Leistungsspektrum KompetenteBeratung, Planung und Bau\u00fcberwachungbis zur Schl\u00fcssel\u00fcbergabe UNSERE T\u00c4GLICHE ARBEIT&#8230; gliedert sich in verschiedenste Planungsbereiche und Objektgr\u00f6\u00dfen. Ein Querschnitt durch unserLeistungsspektrum ist auf den nachfolgenden Seiten dargestellt. Neubauten, Umbauten, Sanierungen Bestandsaufnahmen \/ Aufma\u00dfe Statik, Schal- und Bewehrungsplanung Bau\u00fcberwachung schl\u00fcsselfertig Haustechnikplanung (Hzg., L\u00fcft., Sanit\u00e4r, Elt.) Lorem ipsum dolor sit amet, consectetur adipiscing elit. Ut elit [&hellip;]<\/p>\n","protected":false},"author":1,"featured_media":0,"parent":0,"menu_order":0,"comment_status":"closed","ping_status":"closed","template":"","meta":{"ocean_post_layout":"full-screen","ocean_both_sidebars_style":"","ocean_both_sidebars_content_width":0,"ocean_both_sidebars_sidebars_width":0,"ocean_sidebar":"0","ocean_second_sidebar":"0","ocean_disable_margins":"enable","ocean_add_body_class":"","ocean_shortcode_before_top_bar":"","ocean_shortcode_after_top_bar":"","ocean_shortcode_before_header":"","ocean_shortcode_after_header":"","ocean_has_shortcode":"","ocean_shortcode_after_title":"","ocean_shortcode_before_footer_widgets":"","ocean_shortcode_after_footer_widgets":"","ocean_shortcode_before_footer_bottom":"","ocean_shortcode_after_footer_bottom":"","ocean_display_top_bar":"off","ocean_display_header":"on","ocean_header_style":"","ocean_center_header_left_menu":"0","ocean_custom_header_template":"0","ocean_custom_logo":0,"ocean_custom_retina_logo":0,"ocean_custom_logo_max_width":0,"ocean_custom_logo_tablet_max_width":0,"ocean_custom_logo_mobile_max_width":0,"ocean_custom_logo_max_height":0,"ocean_custom_logo_tablet_max_height":0,"ocean_custom_logo_mobile_max_height":0,"ocean_header_custom_menu":"0","ocean_menu_typo_font_family":"0","ocean_menu_typo_font_subset":"","ocean_menu_typo_font_size":0,"ocean_menu_typo_font_size_tablet":0,"ocean_menu_typo_font_size_mobile":0,"ocean_menu_typo_font_size_unit":"px","ocean_menu_typo_font_weight":"","ocean_menu_typo_font_weight_tablet":"","ocean_menu_typo_font_weight_mobile":"","ocean_menu_typo_transform":"","ocean_menu_typo_transform_tablet":"","ocean_menu_typo_transform_mobile":"","ocean_menu_typo_line_height":0,"ocean_menu_typo_line_height_tablet":0,"ocean_menu_typo_line_height_mobile":0,"ocean_menu_typo_line_height_unit":"","ocean_menu_typo_spacing":0,"ocean_menu_typo_spacing_tablet":0,"ocean_menu_typo_spacing_mobile":0,"ocean_menu_typo_spacing_unit":"","ocean_menu_link_color":"","ocean_menu_link_color_hover":"","ocean_menu_link_color_active":"","ocean_menu_link_background":"","ocean_menu_link_hover_background":"","ocean_menu_link_active_background":"","ocean_menu_social_links_bg":"","ocean_menu_social_hover_links_bg":"","ocean_menu_social_links_color":"","ocean_menu_social_hover_links_color":"","ocean_disable_title":"on","ocean_disable_heading":"default","ocean_post_title":"","ocean_post_subheading":"","ocean_post_title_style":"","ocean_post_title_background_color":"","ocean_post_title_background":0,"ocean_post_title_bg_image_position":"","ocean_post_title_bg_image_attachment":"","ocean_post_title_bg_image_repeat":"","ocean_post_title_bg_image_size":"","ocean_post_title_height":0,"ocean_post_title_bg_overlay":0.5,"ocean_post_title_bg_overlay_color":"","ocean_disable_breadcrumbs":"default","ocean_breadcrumbs_color":"","ocean_breadcrumbs_separator_color":"","ocean_breadcrumbs_links_color":"","ocean_breadcrumbs_links_hover_color":"","ocean_display_footer_widgets":"on","ocean_display_footer_bottom":"on","ocean_custom_footer_template":"0","footnotes":""},"class_list":["post-696","page","type-page","status-publish","hentry","entry"],"_links":{"self":[{"href":"https:\/\/www.baustudio-bachmann.de\/wordpress\/wp-json\/wp\/v2\/pages\/696","targetHints":{"allow":["GET"]}}],"collection":[{"href":"https:\/\/www.baustudio-bachmann.de\/wordpress\/wp-json\/wp\/v2\/pages"}],"about":[{"href":"https:\/\/www.baustudio-bachmann.de\/wordpress\/wp-json\/wp\/v2\/types\/page"}],"author":[{"embeddable":true,"href":"https:\/\/www.baustudio-bachmann.de\/wordpress\/wp-json\/wp\/v2\/users\/1"}],"replies":[{"embeddable":true,"href":"https:\/\/www.baustudio-bachmann.de\/wordpress\/wp-json\/wp\/v2\/comments?post=696"}],"version-history":[{"count":107,"href":"https:\/\/www.baustudio-bachmann.de\/wordpress\/wp-json\/wp\/v2\/pages\/696\/revisions"}],"predecessor-version":[{"id":1300,"href":"https:\/\/www.baustudio-bachmann.de\/wordpress\/wp-json\/wp\/v2\/pages\/696\/revisions\/1300"}],"wp:attachment":[{"href":"https:\/\/www.baustudio-bachmann.de\/wordpress\/wp-json\/wp\/v2\/media?parent=696"}],"curies":[{"name":"wp","href":"https:\/\/api.w.org\/{rel}","templated":true}]}}