{"id":115,"date":"2021-03-29T15:30:45","date_gmt":"2021-03-29T13:30:45","guid":{"rendered":"https:\/\/www.baustudio-bachmann.de\/wordpress\/?page_id=115"},"modified":"2021-04-19T18:17:57","modified_gmt":"2021-04-19T16:17:57","slug":"highlights","status":"publish","type":"page","link":"https:\/\/www.baustudio-bachmann.de\/wordpress\/highlights\/","title":{"rendered":"Highlights"},"content":{"rendered":"\t\t<div data-elementor-type=\"wp-page\" data-elementor-id=\"115\" class=\"elementor elementor-115\">\n\t\t\t\t\t\t<section class=\"elementor-section elementor-top-section elementor-element elementor-element-754a35bb elementor-section-full_width elementor-section-height-default elementor-section-height-default\" data-id=\"754a35bb\" data-element_type=\"section\" data-e-type=\"section\" data-settings=\"{&quot;background_background&quot;:&quot;slideshow&quot;,&quot;background_slideshow_gallery&quot;:[{&quot;id&quot;:299,&quot;url&quot;:&quot;https:\\\/\\\/www.baustudio-bachmann.de\\\/wordpress\\\/wp-content\\\/uploads\\\/2021\\\/03\\\/slider_windkraft1.png&quot;},{&quot;id&quot;:1157,&quot;url&quot;:&quot;https:\\\/\\\/www.baustudio-bachmann.de\\\/wordpress\\\/wp-content\\\/uploads\\\/2021\\\/04\\\/IMG_1891.jpg&quot;},{&quot;id&quot;:1115,&quot;url&quot;:&quot;https:\\\/\\\/www.baustudio-bachmann.de\\\/wordpress\\\/wp-content\\\/uploads\\\/2021\\\/04\\\/01-003.jpg&quot;},{&quot;id&quot;:1185,&quot;url&quot;:&quot;https:\\\/\\\/www.baustudio-bachmann.de\\\/wordpress\\\/wp-content\\\/uploads\\\/2021\\\/04\\\/IMG_5225.jpg&quot;},{&quot;id&quot;:1155,&quot;url&quot;:&quot;https:\\\/\\\/www.baustudio-bachmann.de\\\/wordpress\\\/wp-content\\\/uploads\\\/2021\\\/04\\\/IMG_1381.jpg&quot;},{&quot;id&quot;:1117,&quot;url&quot;:&quot;https:\\\/\\\/www.baustudio-bachmann.de\\\/wordpress\\\/wp-content\\\/uploads\\\/2021\\\/04\\\/02-002.jpg&quot;}],&quot;background_slideshow_slide_transition&quot;:&quot;slide_right&quot;,&quot;background_slideshow_ken_burns&quot;:&quot;yes&quot;,&quot;background_slideshow_loop&quot;:&quot;yes&quot;,&quot;background_slideshow_slide_duration&quot;:5000,&quot;background_slideshow_transition_duration&quot;:500,&quot;background_slideshow_ken_burns_zoom_direction&quot;:&quot;in&quot;}\">\n\t\t\t\t\t\t<div class=\"elementor-container elementor-column-gap-custom\">\n\t\t\t\t\t<div class=\"elementor-column elementor-col-100 elementor-top-column elementor-element elementor-element-6bf7d600\" data-id=\"6bf7d600\" data-element_type=\"column\" data-e-type=\"column\">\n\t\t\t<div class=\"elementor-widget-wrap elementor-element-populated\">\n\t\t\t\t\t\t<section class=\"elementor-section elementor-inner-section elementor-element elementor-element-171b6049 elementor-section-height-min-height elementor-section-boxed elementor-section-height-default\" data-id=\"171b6049\" data-element_type=\"section\" data-e-type=\"section\">\n\t\t\t\t\t\t<div class=\"elementor-container elementor-column-gap-default\">\n\t\t\t\t\t<div class=\"elementor-column elementor-col-100 elementor-inner-column elementor-element elementor-element-4f9628a2\" data-id=\"4f9628a2\" data-element_type=\"column\" data-e-type=\"column\" data-settings=\"{&quot;background_background&quot;:&quot;classic&quot;}\">\n\t\t\t<div class=\"elementor-widget-wrap elementor-element-populated\">\n\t\t\t\t\t\t<div class=\"elementor-element elementor-element-733bdaad elementor-widget elementor-widget-heading\" data-id=\"733bdaad\" data-element_type=\"widget\" data-e-type=\"widget\" data-settings=\"{&quot;_animation&quot;:&quot;none&quot;}\" data-widget_type=\"heading.default\">\n\t\t\t\t<div class=\"elementor-widget-container\">\n\t\t\t\t\t<h2 class=\"elementor-heading-title elementor-size-default\">Projekt - Highlights<\/h2>\t\t\t\t<\/div>\n\t\t\t\t<\/div>\n\t\t\t\t<div class=\"elementor-element elementor-element-4a19ed32 elementor-widget elementor-widget-text-editor\" data-id=\"4a19ed32\" data-element_type=\"widget\" data-e-type=\"widget\" data-widget_type=\"text-editor.default\">\n\t\t\t\t<div class=\"elementor-widget-container\">\n\t\t\t\t\t\t\t\t\t<p><b>in \u00fcber 20 Jahren T\u00e4tigkeit gibt es<br \/>immer wieder mal besondere<br \/>Projekte&#8230;<\/b><b><\/b><\/p>\t\t\t\t\t\t\t\t<\/div>\n\t\t\t\t<\/div>\n\t\t\t\t\t<\/div>\n\t\t<\/div>\n\t\t\t\t\t<\/div>\n\t\t<\/section>\n\t\t\t\t\t<\/div>\n\t\t<\/div>\n\t\t\t\t\t<\/div>\n\t\t<\/section>\n\t\t\t\t<section class=\"elementor-section elementor-top-section elementor-element elementor-element-5272b2b3 elementor-section-full_width elementor-section-height-default elementor-section-height-default\" data-id=\"5272b2b3\" data-element_type=\"section\" data-e-type=\"section\">\n\t\t\t\t\t\t<div class=\"elementor-container elementor-column-gap-default\">\n\t\t\t\t\t<div class=\"elementor-column elementor-col-100 elementor-top-column elementor-element elementor-element-dfc2dda\" data-id=\"dfc2dda\" data-element_type=\"column\" data-e-type=\"column\">\n\t\t\t<div class=\"elementor-widget-wrap elementor-element-populated\">\n\t\t\t\t\t\t<div class=\"elementor-element elementor-element-6411efcb elementor-widget__width-auto elementor-widget elementor-widget-heading\" data-id=\"6411efcb\" data-element_type=\"widget\" data-e-type=\"widget\" data-widget_type=\"heading.default\">\n\t\t\t\t<div class=\"elementor-widget-container\">\n\t\t\t\t\t<h2 class=\"elementor-heading-title elementor-size-xl\">Neubau des Vereinsheimes vom Golfclub Wolfsburg<\/h2>\t\t\t\t<\/div>\n\t\t\t\t<\/div>\n\t\t\t\t\t<\/div>\n\t\t<\/div>\n\t\t\t\t\t<\/div>\n\t\t<\/section>\n\t\t\t\t<section class=\"elementor-section elementor-top-section elementor-element elementor-element-1256872b elementor-section-full_width elementor-section-height-default elementor-section-height-default\" data-id=\"1256872b\" data-element_type=\"section\" data-e-type=\"section\">\n\t\t\t\t\t\t<div class=\"elementor-container elementor-column-gap-default\">\n\t\t\t\t\t<div class=\"elementor-column elementor-col-100 elementor-top-column elementor-element elementor-element-7324117e\" data-id=\"7324117e\" data-element_type=\"column\" data-e-type=\"column\">\n\t\t\t<div class=\"elementor-widget-wrap elementor-element-populated\">\n\t\t\t\t\t\t<div class=\"elementor-element elementor-element-c5225aa elementor-widget elementor-widget-image\" data-id=\"c5225aa\" data-element_type=\"widget\" data-e-type=\"widget\" data-widget_type=\"image.default\">\n\t\t\t\t<div class=\"elementor-widget-container\">\n\t\t\t\t\t\t\t\t\t\t\t\t\t\t\t<img fetchpriority=\"high\" decoding=\"async\" width=\"949\" height=\"143\" src=\"https:\/\/www.baustudio-bachmann.de\/wordpress\/wp-content\/uploads\/2021\/03\/Logo-Golfclub-e1617204485470.jpg\" class=\"attachment-large size-large wp-image-444\" alt=\"\" srcset=\"https:\/\/www.baustudio-bachmann.de\/wordpress\/wp-content\/uploads\/2021\/03\/Logo-Golfclub-e1617204485470.jpg 949w, https:\/\/www.baustudio-bachmann.de\/wordpress\/wp-content\/uploads\/2021\/03\/Logo-Golfclub-e1617204485470-300x45.jpg 300w, https:\/\/www.baustudio-bachmann.de\/wordpress\/wp-content\/uploads\/2021\/03\/Logo-Golfclub-e1617204485470-768x116.jpg 768w\" sizes=\"(max-width: 949px) 100vw, 949px\" \/>\t\t\t\t\t\t\t\t\t\t\t\t\t\t\t<\/div>\n\t\t\t\t<\/div>\n\t\t\t\t<div class=\"elementor-element elementor-element-553e211e elementor-widget elementor-widget-text-editor\" data-id=\"553e211e\" data-element_type=\"widget\" data-e-type=\"widget\" data-widget_type=\"text-editor.default\">\n\t\t\t\t<div class=\"elementor-widget-container\">\n\t\t\t\t\t\t\t\t\t<p>Der Golfclub Wolfsburg\/Boldecker Land e.V. besteht seit 1995 und hat ca. 900 Mitglieder. <br>Das Areal des Golfclubs erstreckt sich auf ca. 77 ha und befindet sich in direkter Nachbarschaft des kleinen <br>Ortes Bokensdorf.<\/p>\n<p><strong><u>Das Geb\u00e4ude<\/u><\/strong><\/p>\n<p><em>&nbsp;<\/em><strong><em>F\u00fcr das Geb\u00e4ude wurden folgende Eckdaten festgelegt und in die Vorplanung \u00fcbernommen :<\/em><\/strong><\/p>\n<ul>\n<li><em>kompakte Bauweise mit guter Ausnutzung der Fl\u00e4chen<\/em><\/li>\n<li><em>harmonische Integration des Geb\u00e4udes in die Landschaft<\/em><\/li>\n<li><em>gro\u00dfz\u00fcgige teil\u00fcberdachte Terrasse mit Blick auf den Golfplatz<\/em><\/li>\n<li><em>Integration von ProShop, Verwaltung und Gastronomie<\/em><\/li>\n<li><em>ausreichend gro\u00dfe Umkleide-, Dusch- und Wirtschaftr\u00e4ume<\/em><\/li>\n<li><em>flexible Nutzungsm\u00f6glichkeiten der R\u00e4ume<\/em><\/li>\n<li><em>innovatives Energiekonzept zur Minimierung der Unterhaltungskosten<\/em><\/li>\n<\/ul>\n<p><strong><em>&nbsp;Aus diesen Vorgaben wurden folgende Nutzfl\u00e4chen abgeleitet :<\/em><\/strong><\/p>\n<ul>\n<li><em>Nutzfl\u00e4chen des Golfclubs incl. Nebenfl\u00e4chen ca. 475 m\u00b2<\/em><\/li>\n<li><em>Nutzfl\u00e4che der Gastronomie ca. 225m\u00b2 (flexibel teilbar) <\/em><\/li>\n<li><em> 200 m\u00b2 Terrasse davon ca. 50% \u00fcberdacht<\/em><\/li>\n<li><em>Nutzfl\u00e4che vom ProShop ca. 56 m\u00b2<\/em><\/li>\n<\/ul>\n<p><em>&nbsp;<\/em><strong><em>Insgesamt betr\u00e4gt die ben\u00f6tigte Nutzfl\u00e4che ohne Terrasse ca. 760 m\u00b2. <\/em><\/strong><\/p>\t\t\t\t\t\t\t\t<\/div>\n\t\t\t\t<\/div>\n\t\t\t\t\t<\/div>\n\t\t<\/div>\n\t\t\t\t\t<\/div>\n\t\t<\/section>\n\t\t\t\t<section class=\"elementor-section elementor-top-section elementor-element elementor-element-4650fddd elementor-section-full_width elementor-section-height-default elementor-section-height-default\" data-id=\"4650fddd\" data-element_type=\"section\" data-e-type=\"section\">\n\t\t\t\t\t\t<div class=\"elementor-container elementor-column-gap-default\">\n\t\t\t\t\t<div class=\"elementor-column elementor-col-100 elementor-top-column elementor-element elementor-element-69d16dae\" data-id=\"69d16dae\" data-element_type=\"column\" data-e-type=\"column\">\n\t\t\t<div class=\"elementor-widget-wrap elementor-element-populated\">\n\t\t\t\t\t\t<div class=\"elementor-element elementor-element-29cabf4a elementor-widget__width-auto elementor-widget elementor-widget-heading\" data-id=\"29cabf4a\" data-element_type=\"widget\" data-e-type=\"widget\" data-widget_type=\"heading.default\">\n\t\t\t\t<div class=\"elementor-widget-container\">\n\t\t\t\t\t<h2 class=\"elementor-heading-title elementor-size-xl\">und das ist daraus geworden...<\/h2>\t\t\t\t<\/div>\n\t\t\t\t<\/div>\n\t\t\t\t\t<\/div>\n\t\t<\/div>\n\t\t\t\t\t<\/div>\n\t\t<\/section>\n\t\t\t\t<section class=\"elementor-section elementor-top-section elementor-element elementor-element-4c79ba3 elementor-section-boxed elementor-section-height-default elementor-section-height-default\" data-id=\"4c79ba3\" data-element_type=\"section\" data-e-type=\"section\">\n\t\t\t\t\t\t<div class=\"elementor-container elementor-column-gap-default\">\n\t\t\t\t\t<div class=\"elementor-column elementor-col-100 elementor-top-column elementor-element elementor-element-af66807\" data-id=\"af66807\" data-element_type=\"column\" data-e-type=\"column\">\n\t\t\t<div class=\"elementor-widget-wrap elementor-element-populated\">\n\t\t\t\t\t\t<div class=\"elementor-element elementor-element-4a4a72f elementor-arrows-position-inside elementor-pagination-position-outside elementor-widget elementor-widget-image-carousel\" data-id=\"4a4a72f\" data-element_type=\"widget\" data-e-type=\"widget\" data-settings=\"{&quot;slides_to_show&quot;:&quot;2&quot;,&quot;navigation&quot;:&quot;both&quot;,&quot;autoplay&quot;:&quot;yes&quot;,&quot;pause_on_hover&quot;:&quot;yes&quot;,&quot;pause_on_interaction&quot;:&quot;yes&quot;,&quot;autoplay_speed&quot;:5000,&quot;infinite&quot;:&quot;yes&quot;,&quot;speed&quot;:500}\" data-widget_type=\"image-carousel.default\">\n\t\t\t\t<div class=\"elementor-widget-container\">\n\t\t\t\t\t\t\t<div class=\"elementor-image-carousel-wrapper swiper\" role=\"region\" aria-roledescription=\"carousel\" aria-label=\"Bild Karussell\" dir=\"ltr\">\n\t\t\t<div class=\"elementor-image-carousel swiper-wrapper swiper-image-stretch\" aria-live=\"off\">\n\t\t\t\t\t\t\t\t<div class=\"swiper-slide\" role=\"group\" aria-roledescription=\"slide\" aria-label=\"1 von 6\"><figure class=\"swiper-slide-inner\"><img decoding=\"async\" class=\"swiper-slide-image\" src=\"https:\/\/www.baustudio-bachmann.de\/wordpress\/wp-content\/uploads\/2021\/04\/IMG_0024.jpg\" alt=\"IMG_0024\" \/><\/figure><\/div><div class=\"swiper-slide\" role=\"group\" aria-roledescription=\"slide\" aria-label=\"2 von 6\"><figure class=\"swiper-slide-inner\"><img decoding=\"async\" class=\"swiper-slide-image\" src=\"https:\/\/www.baustudio-bachmann.de\/wordpress\/wp-content\/uploads\/2021\/04\/IMG_0020.jpg\" alt=\"IMG_0020\" \/><\/figure><\/div><div class=\"swiper-slide\" role=\"group\" aria-roledescription=\"slide\" aria-label=\"3 von 6\"><figure class=\"swiper-slide-inner\"><img decoding=\"async\" class=\"swiper-slide-image\" src=\"https:\/\/www.baustudio-bachmann.de\/wordpress\/wp-content\/uploads\/2021\/04\/IMG_0019.jpg\" alt=\"IMG_0019\" \/><\/figure><\/div><div class=\"swiper-slide\" role=\"group\" aria-roledescription=\"slide\" aria-label=\"4 von 6\"><figure class=\"swiper-slide-inner\"><img decoding=\"async\" class=\"swiper-slide-image\" src=\"https:\/\/www.baustudio-bachmann.de\/wordpress\/wp-content\/uploads\/2021\/04\/IMG_0018.jpg\" alt=\"IMG_0018\" \/><\/figure><\/div><div class=\"swiper-slide\" role=\"group\" aria-roledescription=\"slide\" aria-label=\"5 von 6\"><figure class=\"swiper-slide-inner\"><img decoding=\"async\" class=\"swiper-slide-image\" src=\"https:\/\/www.baustudio-bachmann.de\/wordpress\/wp-content\/uploads\/2021\/04\/IMG_0017.jpg\" alt=\"IMG_0017\" \/><\/figure><\/div><div class=\"swiper-slide\" role=\"group\" aria-roledescription=\"slide\" aria-label=\"6 von 6\"><figure class=\"swiper-slide-inner\"><img decoding=\"async\" class=\"swiper-slide-image\" src=\"https:\/\/www.baustudio-bachmann.de\/wordpress\/wp-content\/uploads\/2021\/04\/IMG_0016.jpg\" alt=\"IMG_0016\" \/><\/figure><\/div>\t\t\t<\/div>\n\t\t\t\t\t\t\t\t\t\t\t\t<div class=\"elementor-swiper-button elementor-swiper-button-prev\" role=\"button\" tabindex=\"0\">\n\t\t\t\t\t\t<i aria-hidden=\"true\" class=\"eicon-chevron-left\"><\/i>\t\t\t\t\t<\/div>\n\t\t\t\t\t<div class=\"elementor-swiper-button elementor-swiper-button-next\" role=\"button\" tabindex=\"0\">\n\t\t\t\t\t\t<i aria-hidden=\"true\" class=\"eicon-chevron-right\"><\/i>\t\t\t\t\t<\/div>\n\t\t\t\t\n\t\t\t\t\t\t\t\t\t<div class=\"swiper-pagination\"><\/div>\n\t\t\t\t\t\t\t\t\t<\/div>\n\t\t\t\t\t\t<\/div>\n\t\t\t\t<\/div>\n\t\t\t\t\t<\/div>\n\t\t<\/div>\n\t\t\t\t\t<\/div>\n\t\t<\/section>\n\t\t\t\t<section class=\"elementor-section elementor-top-section elementor-element elementor-element-7c644a3e elementor-section-boxed elementor-section-height-default elementor-section-height-default\" data-id=\"7c644a3e\" data-element_type=\"section\" data-e-type=\"section\" data-settings=\"{&quot;background_background&quot;:&quot;gradient&quot;}\">\n\t\t\t\t\t\t\t<div class=\"elementor-background-overlay\"><\/div>\n\t\t\t\t\t\t\t<div class=\"elementor-container elementor-column-gap-default\">\n\t\t\t\t\t<div class=\"elementor-column elementor-col-33 elementor-top-column elementor-element elementor-element-1f2894cf\" data-id=\"1f2894cf\" data-element_type=\"column\" data-e-type=\"column\">\n\t\t\t<div class=\"elementor-widget-wrap\">\n\t\t\t\t\t\t\t<\/div>\n\t\t<\/div>\n\t\t\t\t<div class=\"elementor-column elementor-col-33 elementor-top-column elementor-element elementor-element-5cf997f8\" data-id=\"5cf997f8\" data-element_type=\"column\" data-e-type=\"column\">\n\t\t\t<div class=\"elementor-widget-wrap\">\n\t\t\t\t\t\t\t<\/div>\n\t\t<\/div>\n\t\t\t\t<div class=\"elementor-column elementor-col-33 elementor-top-column elementor-element elementor-element-200ee529\" data-id=\"200ee529\" data-element_type=\"column\" data-e-type=\"column\">\n\t\t\t<div class=\"elementor-widget-wrap\">\n\t\t\t\t\t\t\t<\/div>\n\t\t<\/div>\n\t\t\t\t\t<\/div>\n\t\t<\/section>\n\t\t\t\t<\/div>\n\t\t","protected":false},"excerpt":{"rendered":"<p>Projekt &#8211; Highlights in \u00fcber 20 Jahren T\u00e4tigkeit gibt esimmer wieder mal besondereProjekte&#8230; Neubau des Vereinsheimes vom Golfclub Wolfsburg Der Golfclub Wolfsburg\/Boldecker Land e.V. besteht seit 1995 und hat ca. 900 Mitglieder. Das Areal des Golfclubs erstreckt sich auf ca. 77 ha und befindet sich in direkter Nachbarschaft des kleinen Ortes Bokensdorf. Das Geb\u00e4ude &nbsp;F\u00fcr [&hellip;]<\/p>\n","protected":false},"author":1,"featured_media":0,"parent":0,"menu_order":0,"comment_status":"closed","ping_status":"closed","template":"","meta":{"ocean_post_layout":"full-screen","ocean_both_sidebars_style":"","ocean_both_sidebars_content_width":0,"ocean_both_sidebars_sidebars_width":0,"ocean_sidebar":"0","ocean_second_sidebar":"0","ocean_disable_margins":"enable","ocean_add_body_class":"","ocean_shortcode_before_top_bar":"","ocean_shortcode_after_top_bar":"","ocean_shortcode_before_header":"","ocean_shortcode_after_header":"","ocean_has_shortcode":"","ocean_shortcode_after_title":"","ocean_shortcode_before_footer_widgets":"","ocean_shortcode_after_footer_widgets":"","ocean_shortcode_before_footer_bottom":"","ocean_shortcode_after_footer_bottom":"","ocean_display_top_bar":"off","ocean_display_header":"on","ocean_header_style":"","ocean_center_header_left_menu":"0","ocean_custom_header_template":"0","ocean_custom_logo":0,"ocean_custom_retina_logo":0,"ocean_custom_logo_max_width":0,"ocean_custom_logo_tablet_max_width":0,"ocean_custom_logo_mobile_max_width":0,"ocean_custom_logo_max_height":0,"ocean_custom_logo_tablet_max_height":0,"ocean_custom_logo_mobile_max_height":0,"ocean_header_custom_menu":"0","ocean_menu_typo_font_family":"0","ocean_menu_typo_font_subset":"","ocean_menu_typo_font_size":0,"ocean_menu_typo_font_size_tablet":0,"ocean_menu_typo_font_size_mobile":0,"ocean_menu_typo_font_size_unit":"px","ocean_menu_typo_font_weight":"","ocean_menu_typo_font_weight_tablet":"","ocean_menu_typo_font_weight_mobile":"","ocean_menu_typo_transform":"","ocean_menu_typo_transform_tablet":"","ocean_menu_typo_transform_mobile":"","ocean_menu_typo_line_height":0,"ocean_menu_typo_line_height_tablet":0,"ocean_menu_typo_line_height_mobile":0,"ocean_menu_typo_line_height_unit":"","ocean_menu_typo_spacing":0,"ocean_menu_typo_spacing_tablet":0,"ocean_menu_typo_spacing_mobile":0,"ocean_menu_typo_spacing_unit":"","ocean_menu_link_color":"","ocean_menu_link_color_hover":"","ocean_menu_link_color_active":"","ocean_menu_link_background":"","ocean_menu_link_hover_background":"","ocean_menu_link_active_background":"","ocean_menu_social_links_bg":"","ocean_menu_social_hover_links_bg":"","ocean_menu_social_links_color":"","ocean_menu_social_hover_links_color":"","ocean_disable_title":"on","ocean_disable_heading":"default","ocean_post_title":"","ocean_post_subheading":"","ocean_post_title_style":"","ocean_post_title_background_color":"","ocean_post_title_background":0,"ocean_post_title_bg_image_position":"","ocean_post_title_bg_image_attachment":"","ocean_post_title_bg_image_repeat":"","ocean_post_title_bg_image_size":"","ocean_post_title_height":0,"ocean_post_title_bg_overlay":0.5,"ocean_post_title_bg_overlay_color":"","ocean_disable_breadcrumbs":"default","ocean_breadcrumbs_color":"","ocean_breadcrumbs_separator_color":"","ocean_breadcrumbs_links_color":"","ocean_breadcrumbs_links_hover_color":"","ocean_display_footer_widgets":"on","ocean_display_footer_bottom":"on","ocean_custom_footer_template":"0","footnotes":""},"class_list":["post-115","page","type-page","status-publish","hentry","entry"],"_links":{"self":[{"href":"https:\/\/www.baustudio-bachmann.de\/wordpress\/wp-json\/wp\/v2\/pages\/115","targetHints":{"allow":["GET"]}}],"collection":[{"href":"https:\/\/www.baustudio-bachmann.de\/wordpress\/wp-json\/wp\/v2\/pages"}],"about":[{"href":"https:\/\/www.baustudio-bachmann.de\/wordpress\/wp-json\/wp\/v2\/types\/page"}],"author":[{"embeddable":true,"href":"https:\/\/www.baustudio-bachmann.de\/wordpress\/wp-json\/wp\/v2\/users\/1"}],"replies":[{"embeddable":true,"href":"https:\/\/www.baustudio-bachmann.de\/wordpress\/wp-json\/wp\/v2\/comments?post=115"}],"version-history":[{"count":23,"href":"https:\/\/www.baustudio-bachmann.de\/wordpress\/wp-json\/wp\/v2\/pages\/115\/revisions"}],"predecessor-version":[{"id":1238,"href":"https:\/\/www.baustudio-bachmann.de\/wordpress\/wp-json\/wp\/v2\/pages\/115\/revisions\/1238"}],"wp:attachment":[{"href":"https:\/\/www.baustudio-bachmann.de\/wordpress\/wp-json\/wp\/v2\/media?parent=115"}],"curies":[{"name":"wp","href":"https:\/\/api.w.org\/{rel}","templated":true}]}}