{"id":10,"date":"2021-03-26T15:15:59","date_gmt":"2021-03-26T14:15:59","guid":{"rendered":"https:\/\/www.baustudio-bachmann.de\/wordpress\/?page_id=10"},"modified":"2024-08-23T14:34:15","modified_gmt":"2024-08-23T12:34:15","slug":"ueber-uns","status":"publish","type":"page","link":"https:\/\/www.baustudio-bachmann.de\/wordpress\/ueber-uns\/","title":{"rendered":"\u00dcber uns"},"content":{"rendered":"\t\t<div data-elementor-type=\"wp-page\" data-elementor-id=\"10\" class=\"elementor elementor-10\">\n\t\t\t\t\t\t<section class=\"elementor-section elementor-top-section elementor-element elementor-element-4935ef8a elementor-section-full_width elementor-section-height-default elementor-section-height-default\" data-id=\"4935ef8a\" data-element_type=\"section\" data-e-type=\"section\" data-settings=\"{&quot;background_background&quot;:&quot;slideshow&quot;,&quot;background_slideshow_gallery&quot;:[{&quot;id&quot;:154,&quot;url&quot;:&quot;https:\\\/\\\/www.baustudio-bachmann.de\\\/wordpress\\\/wp-content\\\/uploads\\\/2021\\\/03\\\/Dollarphotoclub_62503059-1840x698-1.jpg&quot;},{&quot;id&quot;:1263,&quot;url&quot;:&quot;https:\\\/\\\/www.baustudio-bachmann.de\\\/wordpress\\\/wp-content\\\/uploads\\\/2021\\\/04\\\/Dollarphotoclub_41996617-1840x698-1.jpg&quot;},{&quot;id&quot;:98,&quot;url&quot;:&quot;https:\\\/\\\/www.baustudio-bachmann.de\\\/wordpress\\\/wp-content\\\/uploads\\\/2021\\\/03\\\/Dollarphotoclub_85426158-1840x698-1.jpg&quot;},{&quot;id&quot;:1266,&quot;url&quot;:&quot;https:\\\/\\\/www.baustudio-bachmann.de\\\/wordpress\\\/wp-content\\\/uploads\\\/2021\\\/04\\\/services_02.jpg&quot;},{&quot;id&quot;:1264,&quot;url&quot;:&quot;https:\\\/\\\/www.baustudio-bachmann.de\\\/wordpress\\\/wp-content\\\/uploads\\\/2021\\\/04\\\/Dollarphotoclub_82186287.jpg&quot;}],&quot;background_slideshow_slide_transition&quot;:&quot;slide_right&quot;,&quot;background_slideshow_ken_burns&quot;:&quot;yes&quot;,&quot;background_slideshow_loop&quot;:&quot;yes&quot;,&quot;background_slideshow_slide_duration&quot;:5000,&quot;background_slideshow_transition_duration&quot;:500,&quot;background_slideshow_ken_burns_zoom_direction&quot;:&quot;in&quot;}\">\n\t\t\t\t\t\t<div class=\"elementor-container elementor-column-gap-custom\">\n\t\t\t\t\t<div class=\"elementor-column elementor-col-100 elementor-top-column elementor-element elementor-element-5a80357\" data-id=\"5a80357\" data-element_type=\"column\" data-e-type=\"column\">\n\t\t\t<div class=\"elementor-widget-wrap elementor-element-populated\">\n\t\t\t\t\t\t<section class=\"elementor-section elementor-inner-section elementor-element elementor-element-59c06588 elementor-section-height-min-height elementor-section-boxed elementor-section-height-default\" data-id=\"59c06588\" data-element_type=\"section\" data-e-type=\"section\">\n\t\t\t\t\t\t<div class=\"elementor-container elementor-column-gap-default\">\n\t\t\t\t\t<div class=\"elementor-column elementor-col-100 elementor-inner-column elementor-element elementor-element-7870226a\" data-id=\"7870226a\" data-element_type=\"column\" data-e-type=\"column\" data-settings=\"{&quot;background_background&quot;:&quot;classic&quot;}\">\n\t\t\t<div class=\"elementor-widget-wrap elementor-element-populated\">\n\t\t\t\t\t\t<div class=\"elementor-element elementor-element-1f03984a elementor-widget elementor-widget-heading\" data-id=\"1f03984a\" data-element_type=\"widget\" data-e-type=\"widget\" data-settings=\"{&quot;_animation&quot;:&quot;none&quot;}\" data-widget_type=\"heading.default\">\n\t\t\t\t<div class=\"elementor-widget-container\">\n\t\t\t\t\t<h2 class=\"elementor-heading-title elementor-size-default\">\u00dcber uns...<\/h2>\t\t\t\t<\/div>\n\t\t\t\t<\/div>\n\t\t\t\t<div class=\"elementor-element elementor-element-1caca9bf elementor-widget elementor-widget-text-editor\" data-id=\"1caca9bf\" data-element_type=\"widget\" data-e-type=\"widget\" data-widget_type=\"text-editor.default\">\n\t\t\t\t<div class=\"elementor-widget-container\">\n\t\t\t\t\t\t\t\t\t<p><b>Unser B\u00fcro, f\u00fcr wen arbeiten wir,<br \/>Anzahl Mitarbeiter, Historie,<br \/>Auststattung des B\u00fcros<br \/><\/b><\/p>\t\t\t\t\t\t\t\t<\/div>\n\t\t\t\t<\/div>\n\t\t\t\t\t<\/div>\n\t\t<\/div>\n\t\t\t\t\t<\/div>\n\t\t<\/section>\n\t\t\t\t\t<\/div>\n\t\t<\/div>\n\t\t\t\t\t<\/div>\n\t\t<\/section>\n\t\t\t\t<section class=\"elementor-section elementor-top-section elementor-element elementor-element-a8f3e99 elementor-section-boxed elementor-section-height-default elementor-section-height-default\" data-id=\"a8f3e99\" data-element_type=\"section\" data-e-type=\"section\">\n\t\t\t\t\t\t<div class=\"elementor-container elementor-column-gap-default\">\n\t\t\t\t\t<div class=\"elementor-column elementor-col-100 elementor-top-column elementor-element elementor-element-cfaad8e\" data-id=\"cfaad8e\" data-element_type=\"column\" data-e-type=\"column\">\n\t\t\t<div class=\"elementor-widget-wrap elementor-element-populated\">\n\t\t\t\t\t\t<div class=\"elementor-element elementor-element-a25ae33 elementor-widget__width-auto elementor-widget-tablet__width-initial elementor-widget elementor-widget-heading\" data-id=\"a25ae33\" data-element_type=\"widget\" data-e-type=\"widget\" data-widget_type=\"heading.default\">\n\t\t\t\t<div class=\"elementor-widget-container\">\n\t\t\t\t\t<h2 class=\"elementor-heading-title elementor-size-xl\">F\u00fcr welche Bauherrn arbeiten wir und wie ist \nunser B\u00fcro ausgestattet...<\/h2>\t\t\t\t<\/div>\n\t\t\t\t<\/div>\n\t\t\t\t\t<\/div>\n\t\t<\/div>\n\t\t\t\t\t<\/div>\n\t\t<\/section>\n\t\t\t\t<section class=\"elementor-section elementor-top-section elementor-element elementor-element-6b48fc6 elementor-section-boxed elementor-section-height-default elementor-section-height-default\" data-id=\"6b48fc6\" data-element_type=\"section\" data-e-type=\"section\">\n\t\t\t\t\t\t<div class=\"elementor-container elementor-column-gap-default\">\n\t\t\t\t\t<div class=\"elementor-column elementor-col-100 elementor-top-column elementor-element elementor-element-40e26b7\" data-id=\"40e26b7\" data-element_type=\"column\" data-e-type=\"column\">\n\t\t\t<div class=\"elementor-widget-wrap elementor-element-populated\">\n\t\t\t\t\t\t<div class=\"elementor-element elementor-element-6155417 elementor-widget elementor-widget-text-editor\" data-id=\"6155417\" data-element_type=\"widget\" data-e-type=\"widget\" data-widget_type=\"text-editor.default\">\n\t\t\t\t<div class=\"elementor-widget-container\">\n\t\t\t\t\t\t\t\t\t<p>Wir arbeiten f\u00fcr private, gewerbliche und \u00f6ffenliche Bauherren, vorwiegend im Wohnungs-&nbsp; und Gewerbebau. Zus\u00e4tzlich arbeiten wir auch f\u00fcr Baufirmen und partnerschaftlich gebundene Planungsb\u00fcros.<\/p>\n<p>Hauptauftraggeber sind gewerbliche Bauherrn, vorwiegend im Wohnungs- und Gewerbebau, die z.B. Wohn- und Gesch\u00e4ftsh\u00e4user, Einkaufszentren, Um- und Ausbauten in Wohnanlagen o.\u00e4. realisieren. Daneben gibt es nat\u00fcrlich auch viele private Bauherren, die Ihren Traum vom eigenen Haus von uns planen und umsetzen lassen. Hier liegt der Schwerpunkt im Bau von Niedrigenergie- und Passivh\u00e4usern.<\/p>\n<p>Derzeit betreiben wir ein B\u00fcro in Brome (20 km n\u00f6rdlich von Wolfsburg in Niedersachsen) und ein B\u00fcro in Magdeburg, der Landeshauptstadt von Sachsen-Anhalt.<\/p>\t\t\t\t\t\t\t\t<\/div>\n\t\t\t\t<\/div>\n\t\t\t\t\t<\/div>\n\t\t<\/div>\n\t\t\t\t\t<\/div>\n\t\t<\/section>\n\t\t\t\t<section class=\"elementor-section elementor-top-section elementor-element elementor-element-529bbe1 elementor-section-content-middle elementor-section-boxed elementor-section-height-default elementor-section-height-default\" data-id=\"529bbe1\" data-element_type=\"section\" data-e-type=\"section\" data-settings=\"{&quot;background_background&quot;:&quot;gradient&quot;}\">\n\t\t\t\t\t\t\t<div class=\"elementor-background-overlay\"><\/div>\n\t\t\t\t\t\t\t<div class=\"elementor-container elementor-column-gap-custom\">\n\t\t\t\t\t<div class=\"elementor-column elementor-col-33 elementor-top-column elementor-element elementor-element-450383b\" data-id=\"450383b\" data-element_type=\"column\" data-e-type=\"column\">\n\t\t\t<div class=\"elementor-widget-wrap elementor-element-populated\">\n\t\t\t\t\t\t<div class=\"elementor-element elementor-element-cbf5ecd elementor-widget elementor-widget-image\" data-id=\"cbf5ecd\" data-element_type=\"widget\" data-e-type=\"widget\" data-widget_type=\"image.default\">\n\t\t\t\t<div class=\"elementor-widget-container\">\n\t\t\t\t\t\t\t\t\t\t\t\t\t\t\t<img decoding=\"async\" src=\"https:\/\/www.baustudio-bachmann.de\/wordpress\/wp-content\/uploads\/elementor\/thumbs\/Claudia-004-p63htmj4qryd8eyk89b349xlkktjpyls509eqbavn6.jpg\" title=\"Claudia 004\" alt=\"Claudia 004\" loading=\"lazy\" \/>\t\t\t\t\t\t\t\t\t\t\t\t\t\t\t<\/div>\n\t\t\t\t<\/div>\n\t\t\t\t\t<\/div>\n\t\t<\/div>\n\t\t\t\t<div class=\"elementor-column elementor-col-33 elementor-top-column elementor-element elementor-element-e7f8f18\" data-id=\"e7f8f18\" data-element_type=\"column\" data-e-type=\"column\">\n\t\t\t<div class=\"elementor-widget-wrap elementor-element-populated\">\n\t\t\t\t\t\t<div class=\"elementor-element elementor-element-48ddbc2 elementor-widget elementor-widget-heading\" data-id=\"48ddbc2\" data-element_type=\"widget\" data-e-type=\"widget\" data-widget_type=\"heading.default\">\n\t\t\t\t<div class=\"elementor-widget-container\">\n\t\t\t\t\t<h2 class=\"elementor-heading-title elementor-size-default\">In unserem B\u00fcro sind 2 Mitarbeiter fest angestellt und mehrere freiberuflich gebunden. Au\u00dferdem arbeiten wir mit leistungsstarken Partnern zusammen und decken so alle Planungsbereiche im Hoch-, Tief- und Stra\u00dfenbau ab.<\/h2>\t\t\t\t<\/div>\n\t\t\t\t<\/div>\n\t\t\t\t\t<\/div>\n\t\t<\/div>\n\t\t\t\t<div class=\"elementor-column elementor-col-33 elementor-top-column elementor-element elementor-element-7926826\" data-id=\"7926826\" data-element_type=\"column\" data-e-type=\"column\">\n\t\t\t<div class=\"elementor-widget-wrap elementor-element-populated\">\n\t\t\t\t\t\t<div class=\"elementor-element elementor-element-d36a260 elementor-widget elementor-widget-image\" data-id=\"d36a260\" data-element_type=\"widget\" data-e-type=\"widget\" data-widget_type=\"image.default\">\n\t\t\t\t<div class=\"elementor-widget-container\">\n\t\t\t\t\t\t\t\t\t\t\t\t\t\t\t<img fetchpriority=\"high\" decoding=\"async\" width=\"1072\" height=\"708\" src=\"https:\/\/www.baustudio-bachmann.de\/wordpress\/wp-content\/uploads\/2021\/03\/WhatsApp-Image-2021-03-31-at-15.22.36-e1617202559873.jpeg\" class=\"attachment-full size-full wp-image-440\" alt=\"\" srcset=\"https:\/\/www.baustudio-bachmann.de\/wordpress\/wp-content\/uploads\/2021\/03\/WhatsApp-Image-2021-03-31-at-15.22.36-e1617202559873.jpeg 1072w, https:\/\/www.baustudio-bachmann.de\/wordpress\/wp-content\/uploads\/2021\/03\/WhatsApp-Image-2021-03-31-at-15.22.36-e1617202559873-300x198.jpeg 300w, https:\/\/www.baustudio-bachmann.de\/wordpress\/wp-content\/uploads\/2021\/03\/WhatsApp-Image-2021-03-31-at-15.22.36-e1617202559873-1024x676.jpeg 1024w, https:\/\/www.baustudio-bachmann.de\/wordpress\/wp-content\/uploads\/2021\/03\/WhatsApp-Image-2021-03-31-at-15.22.36-e1617202559873-768x507.jpeg 768w\" sizes=\"(max-width: 1072px) 100vw, 1072px\" \/>\t\t\t\t\t\t\t\t\t\t\t\t\t\t\t<\/div>\n\t\t\t\t<\/div>\n\t\t\t\t\t<\/div>\n\t\t<\/div>\n\t\t\t\t\t<\/div>\n\t\t<\/section>\n\t\t\t\t<section class=\"elementor-section elementor-top-section elementor-element elementor-element-aa4effc elementor-section-boxed elementor-section-height-default elementor-section-height-default\" data-id=\"aa4effc\" data-element_type=\"section\" data-e-type=\"section\">\n\t\t\t\t\t\t<div class=\"elementor-container elementor-column-gap-default\">\n\t\t\t\t\t<div class=\"elementor-column elementor-col-100 elementor-top-column elementor-element elementor-element-04cc6e9\" data-id=\"04cc6e9\" data-element_type=\"column\" data-e-type=\"column\">\n\t\t\t<div class=\"elementor-widget-wrap elementor-element-populated\">\n\t\t\t\t\t\t<div class=\"elementor-element elementor-element-7030777 elementor-widget__width-auto elementor-widget-tablet__width-inherit elementor-widget-mobile__width-inherit elementor-widget elementor-widget-heading\" data-id=\"7030777\" data-element_type=\"widget\" data-e-type=\"widget\" data-widget_type=\"heading.default\">\n\t\t\t\t<div class=\"elementor-widget-container\">\n\t\t\t\t\t<h2 class=\"elementor-heading-title elementor-size-xl\">Historie \/ Ausstattung<\/h2>\t\t\t\t<\/div>\n\t\t\t\t<\/div>\n\t\t\t\t\t<\/div>\n\t\t<\/div>\n\t\t\t\t\t<\/div>\n\t\t<\/section>\n\t\t\t\t<section class=\"elementor-section elementor-top-section elementor-element elementor-element-c38c77e elementor-section-boxed elementor-section-height-default elementor-section-height-default\" data-id=\"c38c77e\" data-element_type=\"section\" data-e-type=\"section\">\n\t\t\t\t\t\t<div class=\"elementor-container elementor-column-gap-default\">\n\t\t\t\t\t<div class=\"elementor-column elementor-col-100 elementor-top-column elementor-element elementor-element-c8b2905\" data-id=\"c8b2905\" data-element_type=\"column\" data-e-type=\"column\">\n\t\t\t<div class=\"elementor-widget-wrap elementor-element-populated\">\n\t\t\t\t\t\t<div class=\"elementor-element elementor-element-a89d4af elementor-widget elementor-widget-text-editor\" data-id=\"a89d4af\" data-element_type=\"widget\" data-e-type=\"widget\" data-widget_type=\"text-editor.default\">\n\t\t\t\t<div class=\"elementor-widget-container\">\n\t\t\t\t\t\t\t\t\t<p>Das\u00a0<strong>BAUSTUDIO\u00a0<em>Bachmann<\/em><\/strong>\u00a0wurde 1998 gegr\u00fcndet und bet\u00e4tigt sich seitdem im Bereich der Hochbauplanung und erbringt alle Planungsleistungen, die schlechthin als\u00a0<strong>Architektenleistungen<\/strong>\u00a0bezeichnet werden.<br \/><br \/>Vor der Gr\u00fcndung konnte der Gr\u00fcnder, Dipl.-Ing.(FH) f\u00fcr Hochbau Lutz Bachmann, auf eine 10-j\u00e4hrige Berufspraxis in Architekturb\u00fcros und Baubetrieben zur\u00fcckblicken.Diese langj\u00e4hrige Erfahrung bei der Planung und Durchf\u00fchrung von Bauma\u00dfnahmen aller Art ist die solide Basis f\u00fcr das eigenst\u00e4ndige Planungsb\u00fcro\u00a0<strong>BAUSTUDIO\u00a0<em>Bachmann<\/em>.<br \/><br \/>Ausstattung des B\u00fcros<br \/><\/strong><\/p><p>Die technische Ausstattung unseres B\u00fcros entspricht dem heutigen Stand der Technik, d.h. vom PC-Arbeitspl\u00e4tzen \u00fcber moderne Ein- und Ausgabeger\u00e4te bis hin zum professionellen CAD-Arbeitspl\u00e4tzen mit entsprechender Software ist alles vorhanden, was man zur effizienten Abarbeitung von Planungsaufgaben ben\u00f6tigt. Nat\u00fcrlich werden auch die modernen Kommunikationswege E-Mail, Internet, DF\u00dc, Teamwork via Internet konsequent in unsere t\u00e4gliche Arbeit einbezogen.<\/p><p>Regelm\u00e4\u00dfige Investitionen in die technische Ausr\u00fcstung unseres B\u00fcros und die Weiterbildung unserer Mitarbeiter sorgen daf\u00fcr, da\u00df wir mit unserer Technik, der Software und dem Wissen immer auf dem aktuellen Stand sind und somit die Leistungsf\u00e4higkeit unseres B\u00fcros den st\u00e4ndig steigenden Anforderungen der Bauherren gewachsen ist.<\/p>\t\t\t\t\t\t\t\t<\/div>\n\t\t\t\t<\/div>\n\t\t\t\t\t<\/div>\n\t\t<\/div>\n\t\t\t\t\t<\/div>\n\t\t<\/section>\n\t\t\t\t<\/div>\n\t\t","protected":false},"excerpt":{"rendered":"<p>\u00dcber uns&#8230; Unser B\u00fcro, f\u00fcr wen arbeiten wir,Anzahl Mitarbeiter, Historie,Auststattung des B\u00fcros F\u00fcr welche Bauherrn arbeiten wir und wie ist unser B\u00fcro ausgestattet&#8230; Wir arbeiten f\u00fcr private, gewerbliche und \u00f6ffenliche Bauherren, vorwiegend im Wohnungs-&nbsp; und Gewerbebau. Zus\u00e4tzlich arbeiten wir auch f\u00fcr Baufirmen und partnerschaftlich gebundene Planungsb\u00fcros. Hauptauftraggeber sind gewerbliche Bauherrn, vorwiegend im Wohnungs- und Gewerbebau, [&hellip;]<\/p>\n","protected":false},"author":1,"featured_media":0,"parent":0,"menu_order":0,"comment_status":"closed","ping_status":"closed","template":"","meta":{"ocean_post_layout":"full-screen","ocean_both_sidebars_style":"","ocean_both_sidebars_content_width":0,"ocean_both_sidebars_sidebars_width":0,"ocean_sidebar":"0","ocean_second_sidebar":"0","ocean_disable_margins":"enable","ocean_add_body_class":"","ocean_shortcode_before_top_bar":"","ocean_shortcode_after_top_bar":"","ocean_shortcode_before_header":"","ocean_shortcode_after_header":"","ocean_has_shortcode":"","ocean_shortcode_after_title":"","ocean_shortcode_before_footer_widgets":"","ocean_shortcode_after_footer_widgets":"","ocean_shortcode_before_footer_bottom":"","ocean_shortcode_after_footer_bottom":"","ocean_display_top_bar":"off","ocean_display_header":"default","ocean_header_style":"","ocean_center_header_left_menu":"0","ocean_custom_header_template":"0","ocean_custom_logo":0,"ocean_custom_retina_logo":0,"ocean_custom_logo_max_width":0,"ocean_custom_logo_tablet_max_width":0,"ocean_custom_logo_mobile_max_width":0,"ocean_custom_logo_max_height":0,"ocean_custom_logo_tablet_max_height":0,"ocean_custom_logo_mobile_max_height":0,"ocean_header_custom_menu":"0","ocean_menu_typo_font_family":"0","ocean_menu_typo_font_subset":"","ocean_menu_typo_font_size":0,"ocean_menu_typo_font_size_tablet":0,"ocean_menu_typo_font_size_mobile":0,"ocean_menu_typo_font_size_unit":"px","ocean_menu_typo_font_weight":"","ocean_menu_typo_font_weight_tablet":"","ocean_menu_typo_font_weight_mobile":"","ocean_menu_typo_transform":"","ocean_menu_typo_transform_tablet":"","ocean_menu_typo_transform_mobile":"","ocean_menu_typo_line_height":0,"ocean_menu_typo_line_height_tablet":0,"ocean_menu_typo_line_height_mobile":0,"ocean_menu_typo_line_height_unit":"","ocean_menu_typo_spacing":0,"ocean_menu_typo_spacing_tablet":0,"ocean_menu_typo_spacing_mobile":0,"ocean_menu_typo_spacing_unit":"","ocean_menu_link_color":"","ocean_menu_link_color_hover":"","ocean_menu_link_color_active":"","ocean_menu_link_background":"","ocean_menu_link_hover_background":"","ocean_menu_link_active_background":"","ocean_menu_social_links_bg":"","ocean_menu_social_hover_links_bg":"","ocean_menu_social_links_color":"","ocean_menu_social_hover_links_color":"","ocean_disable_title":"on","ocean_disable_heading":"default","ocean_post_title":"","ocean_post_subheading":"","ocean_post_title_style":"","ocean_post_title_background_color":"","ocean_post_title_background":0,"ocean_post_title_bg_image_position":"","ocean_post_title_bg_image_attachment":"","ocean_post_title_bg_image_repeat":"","ocean_post_title_bg_image_size":"","ocean_post_title_height":0,"ocean_post_title_bg_overlay":0.5,"ocean_post_title_bg_overlay_color":"","ocean_disable_breadcrumbs":"default","ocean_breadcrumbs_color":"","ocean_breadcrumbs_separator_color":"","ocean_breadcrumbs_links_color":"","ocean_breadcrumbs_links_hover_color":"","ocean_display_footer_widgets":"on","ocean_display_footer_bottom":"on","ocean_custom_footer_template":"0","footnotes":""},"class_list":["post-10","page","type-page","status-publish","hentry","entry"],"_links":{"self":[{"href":"https:\/\/www.baustudio-bachmann.de\/wordpress\/wp-json\/wp\/v2\/pages\/10","targetHints":{"allow":["GET"]}}],"collection":[{"href":"https:\/\/www.baustudio-bachmann.de\/wordpress\/wp-json\/wp\/v2\/pages"}],"about":[{"href":"https:\/\/www.baustudio-bachmann.de\/wordpress\/wp-json\/wp\/v2\/types\/page"}],"author":[{"embeddable":true,"href":"https:\/\/www.baustudio-bachmann.de\/wordpress\/wp-json\/wp\/v2\/users\/1"}],"replies":[{"embeddable":true,"href":"https:\/\/www.baustudio-bachmann.de\/wordpress\/wp-json\/wp\/v2\/comments?post=10"}],"version-history":[{"count":81,"href":"https:\/\/www.baustudio-bachmann.de\/wordpress\/wp-json\/wp\/v2\/pages\/10\/revisions"}],"predecessor-version":[{"id":1304,"href":"https:\/\/www.baustudio-bachmann.de\/wordpress\/wp-json\/wp\/v2\/pages\/10\/revisions\/1304"}],"wp:attachment":[{"href":"https:\/\/www.baustudio-bachmann.de\/wordpress\/wp-json\/wp\/v2\/media?parent=10"}],"curies":[{"name":"wp","href":"https:\/\/api.w.org\/{rel}","templated":true}]}}